{"id":687,"date":"2023-07-11T15:16:25","date_gmt":"2023-07-11T15:16:25","guid":{"rendered":"https:\/\/radovnachalet.com\/?page_id=687"},"modified":"2023-11-29T14:45:08","modified_gmt":"2023-11-29T14:45:08","slug":"splosni-pogoji","status":"publish","type":"page","link":"https:\/\/radovnachalet.com\/en\/splosni-pogoji\/","title":{"rendered":"General terms and conditions"},"content":{"rendered":"<div data-elementor-type=\"wp-page\" data-elementor-id=\"687\" class=\"elementor elementor-687\" data-elementor-post-type=\"page\">\n\t\t\t\t<div class=\"elementor-element elementor-element-f1e4ef2 e-flex e-con-boxed e-con e-parent\" data-id=\"f1e4ef2\" data-element_type=\"container\">\n\t\t\t\t\t<div class=\"e-con-inner\">\n\t\t\t\t<div class=\"elementor-element elementor-element-b65fcad elementor-widget elementor-widget-heading\" data-id=\"b65fcad\" data-element_type=\"widget\" data-widget_type=\"heading.default\">\n\t\t\t\t<div class=\"elementor-widget-container\">\n\t\t\t\t\t<h2 class=\"elementor-heading-title elementor-size-default\">Splo\u0161ni pogoji poslovanja<\/h2>\t\t\t\t<\/div>\n\t\t\t\t<\/div>\n\t\t\t\t<div class=\"elementor-element elementor-element-9cec42e elementor-widget elementor-widget-text-editor\" data-id=\"9cec42e\" data-element_type=\"widget\" data-widget_type=\"text-editor.default\">\n\t\t\t\t<div class=\"elementor-widget-container\">\n\t\t\t\t\t\t\t\t\t<p><strong>Contractual Partners:<br><\/strong> Pogodbena partnerja sta Radovna Chalet in gost. \u010ce je za gosta oddala naro\u010dilo tretja oseba, potem na podlagi solidarnega jamstva tretja oseba skupaj z gostom jam\u010di resortu za vse obveznosti iz pogodbe. Splo\u0161ni pogoji za najem in kori\u0161\u010denje namestitvenih kapacitet Radovna Chalet (Slavko Pezdirnik s.p.), so objavljeni na spletni strani www.radovnachalet.com in so sestavni del pogodbe oz. voucherja. Gosti so seznanjeni z njimi in jih sprejmejo z oddajo rezervacije oz. s prijavo v ustni, pisni ali elektronski obliki.<\/p>\n<p><strong> Conclusion of the Contract: <br><\/strong>The contract is concluded when Radovna Chalet receives written confirmation from the guest or the online booking system, and when we send you a confirmation of the reservation. By this, it is considered that the guest fully accepts the General Terms and Conditions. A sent offer for accommodation does not yet mean a reserved room. The guest provides all required information and guarantees their accuracy.<\/p>\n<p>Rezervacija se potrdi&nbsp;ob pla\u010dilu celotnega zneska&nbsp;<span style=\"color: var( --e-global-color-text ); text-align: var(--text-align);\">(<\/span><span style=\"color: var( --e-global-color-text ); text-align: var(--text-align);\">100<\/span><span style=\"color: var( --e-global-color-text ); text-align: var(--text-align);\">%<\/span><span style=\"color: var( --e-global-color-text ); text-align: var(--text-align);\">)&nbsp;<\/span><span style=\"color: var( --e-global-color-text ); text-align: var(--text-align);\">of the accommodation capacity rental to the bank account indicated in the offer (each offer has a limited timeframe). If the lessor does not receive the prepayment of the reservation amount within the agreed period, the lessor reserves the right to cancel the reservation. Based on the prepayment\/payment, the guest receives a confirmation of the reservation, which guarantees their stay at Radovna Chalet.<\/span><\/p>\n<p><strong>Legal Provisions:<\/strong> <br>Podjetje SLAVKO PEZDIRNIK S.P.&nbsp;bo s potrebno skrbnostjo pri oblikovanju spletne strani posku\u0161alo zagotavljati to\u010dnost ina\u017eurnost podatkov na svoji spletni strani, vendar ne prevzema nikakr\u0161ne odgovornosti o njihovi to\u010dnosti in celovitosti. Podjetje si pridr\u017euje pravico, da spremeni vsebino spletne strani kadarkoli, na kakr\u0161enkoli na\u010din in ne glede na razlog brez predhodnega opozorila. Pri tem ne prevzema odgovornosti za kakr\u0161nekoli posledice takih sprememb.<\/p>\n<p><strong>Currency:<\/strong> <br>All prices are in Euro (\u20ac \/ EUR) currency and include VAT.&nbsp;<\/p>\n<p><strong>Reservation:<br><\/strong>Rezervacija je mogo\u010da na ve\u010d na\u010dinov: pisno na elektronski naslov: info@radovnachalet.com&nbsp;ali preko spletnega rezervacijskega sistema na www.radovnachalet.com. Bistveni pogoj za veljavnost rezervacije je va\u0161a potrditev na\u0161e ponudbe in pla\u010dilo v skladu z navedenimi splo\u0161nimi pogoji poslovanja. V primeru, da potrditve ne prejmemo, se \u0161teje, da rezervacija ni bila nikoli naro\u010dena. Sprememba rezervacije (ne vklju\u010duje odpovedi rezervacije): Sprememba rezervacije je mogo\u010da le pisno na elektronski naslov info@radovnachalet.com ob predhodnem dogovoru z recepcijo. V kolikor gost opravlja spremembo rezervacije tako, da s to spremembo manj\u0161a \u0161t. no\u010ditev lahko to stori pod slede\u010dimi pogoji: <br>More than 14 days before arrival: The first modification is free, the second modification is charged at 50\u20ac per reservation.<br>\u2022 Manj kot 14 dni pred prihodom se vsaka sprememba 50\u20ac. <br>Sprememba rezervacije je mo\u017ena zgolj glede na razpolo\u017eljivost in predhodni individualni dogovor s predstavnikom podjetja&nbsp;SLAVKO PEZDIRNIK S.P.. Dovje 104C 4281 Mojstrana.<\/p>\n<p><strong> Cancellation of Reservation:<br><\/strong>Stro\u0161ki odpovedi so odvisni od tega, kdaj Radovna Chalet prejme obvestilo o odpovedi. Odpoved rezervacije je mogo\u010da le pisno na info@radovnachalet.com.&nbsp;Brezpla\u010dna odpoved do 14 dni pred prihodom ;<br>Less than 14 days before arrival: Radovna Chalet retains 40% of the reservation amount.<br>7 days or less before arrival: Radovna Chalet retains 40% of the reservation amount without the possibility of rebooking.<br>In case of a no-show, we will charge 100% of the reservation value. <br>In case of early departure, 100% of the accommodation value will be charged.<\/p>\n<p><strong>In Case of Force Majeure:<br><\/strong>In case of force majeure such as accidents, Radovna Chalet closure, earthquake, epidemic, or pandemic, funds already paid or charged in accordance with the terms and conditions are not refunded. The paid amount is retained and can be used within 12 months from the cancellation.<\/p>\n<p><strong>Minimum Number of Nights:<br><\/strong>According to the regular price list, the minimum number of nights for a stay in the resort is <strong>two nights<\/strong>If a guest wishes to stay for only one night, they agree to an additional payment of 20% of the regular price added to the existing price for one night.<\/p>\n<p><strong>Payment: <br><\/strong>Reservation via the online booking system: Upon confirmation of the reservation, you will need to provide your personal details as well as the details of a valid bank card with which you will confirm your reservation. By doing so, you agree that we will debit your bank card in accordance with the General Terms and Cancellation Conditions. <br>Reservation via email: <em style=\"\">Ob potrditvi rezervacije je potrebno pla\u010dati predpla\u010dilo &#8211; celotni znesek rezervacije<\/em>, v kolikor pa je prihod v manj kot 7 dnevih, se za potrditev rezervacije pla\u010da 100% znesek nastanitve. Polog je potrebno skladno s pravili pla\u010dati na ban\u010dni ra\u010dun podjetja. Ban\u010dni ra\u010dun podjetja:&nbsp;SLAVKO PEZDIRNIK S.P., Dovje 104C 4281 Mojstrana, INFO: 040751208,<b style=\"font-style: italic;\">&nbsp;<\/b><i style=\"\">info@radovnachalet.com, www.radovnachalet.com,<\/i><b style=\"font-style: italic;\">&nbsp;<\/b><span style=\"font-style: italic;\">dav\u010dna \u0161t.&nbsp;<\/span><span style=\"text-align: var(--text-align);\"><i>31387373<\/i><\/span><span style=\"color: var( --e-global-color-text ); text-align: var(--text-align); font-style: italic;\">,<\/span><b style=\"color: var( --e-global-color-text ); text-align: var(--text-align); font-style: italic;\"> <\/b><span style=\"color: var( --e-global-color-text ); text-align: var(--text-align); font-style: italic;\">Mati\u010dna \u0161t.&nbsp;<\/span><span style=\"text-align: var(--text-align);\"><i>5121038000<\/i><\/span><span style=\"color: var( --e-global-color-text ); text-align: var(--text-align); font-style: italic;\">&nbsp;<\/span><span style=\"text-align: var(--text-align);\"><span style=\"color: var( --e-global-color-text ); font-style: italic;\">, <\/span><i>IBAN SI56 0700 0000 0669 390<\/i><span style=\"color: var( --e-global-color-text ); font-style: italic;\">,<b> <\/b>BIC(datum in \u0161t.predra\u010duna),<b>&nbsp;<\/b>Storitev: Osnovna storitev je bivanje na no\u010ditev.<\/span><\/span><\/p>\n<p><strong>Special or Additional Offer:<\/strong><br>-Romanti\u010dno presene\u010denje za dva<br>Welcome basket (for two or four people)<br>Homemade Larch Schnapps<br>Internet connection<br>Parking <br>Final cleaning<\/p>\n<p><strong>Guest Check-in\/Check-out:<\/strong><br>Prijava: od 14:00 do 21.ure. Rezervirano namestitev za gosta dr\u017eimo na dan prihoda do 21.00 ure. V primeru kasnej\u0161ega prihoda nas je gost dol\u017ean pred\u010dasno obvestiti \u2013 najkasneje do 16.00 ure. V kolikor gost ne seznani&nbsp; pravo\u010dasno, Radovna Chalet ni dol\u017ena dr\u017eati sobe za gosta, prav tako ima pravico gostu zara\u010dunati stro\u0161ek neprihoda. Zgodnja prijava&nbsp; je mo\u017ena po dogovoru v kolikor je hi\u0161ka prazna in pripravljena za oddajo. Kasnej\u0161a odjava iz resorta je mo\u017ena glede na razpolo\u017eljivost ter dogovor z recepcijo \u2013 najve\u010d 1 ura. Po 12h se obra\u010duna celoten dan \u2013 vrednost 1 no\u010ditve.<\/p>\n<p><strong>Check-in at Radovna Chalet:<\/strong> For security reasons, guests must have a valid personal identification document (identity card, passport, or driver's license) when checking in. According to the Law on Residence Registration, the accommodation facility is obliged to register temporary residence for all guests staying in the resort within 12 hours.<\/p>\n<p><strong>Travel Documents:<\/strong> Gostje so sami odgovorni za predlo\u017eitev dokazil o dr\u017eavljanstvu v obliki veljavnega potnega lista in drugih listin, ki so potrebne za potovanje. Gostje se morajo posvetovati s svojim potovalnim agentom, letalsko dru\u017ebo ali primernim dr\u017eavnim organom glede potrebnih listin. \u010ce gostje nimajo potrebnih potnih listin, jim je lahko zavrnjen prihod. Podjetje SLAVKO PEZDIRNIK S.P.<b>&nbsp;<\/b>ni odgovorno za pridobitev in varovanje potrebnih potnih listin.<\/p>\n<p><strong> Internet:<\/strong> <br>Free Wi-Fi is available.<\/p>\n<p><strong>Pets:<\/strong> <br>Pets are welcome by prior arrangement.<\/p>\n<p><strong>Smoking:<\/strong> Smoking is not allowed indoors. Guests are allowed to smoke in outdoor areas.<\/p>\n<p><strong>Parking:<\/strong> <br>Free outdoor parking is available for guests, and charging for electric vehicles is provided. Radovna Chalet is not responsible for the security of vehicles, vehicle damage, or items stored in vehicles. Damages: We reserve the right to charge for any damage that occurs in the guest's room, on the resort, or for any missing items from their accommodation.&nbsp;<\/p>\n<p><strong>Disclaimer:<\/strong><br>Guests acknowledge and agree to abide by all posted safety warnings regarding the surroundings, the chalet, and the massage pool. Guests assume responsibility and release Radovna Chalet and the chalet staff from any liabilities, claims, lawsuits, damages, costs, and\/or expenses arising out of or in any way connected with the guest's use of paths, water surfaces, and trees. Guests understand and acknowledge that this disclaimer also includes claims of negligence and\/or acts or omissions of the chalet and its staff. Accordingly, this notice is provided in advance.<\/p>\n<p>The chalet provides a secure terrace where guests can sit in peace and quiet. The gallery in the chalet is surrounded by a secure fence. Therefore, Radovna Chalet will not be liable under any circumstances for any actions contrary to the rules, such as guests sitting on the gallery or terrace fence or in any way altering the safety features in the chalet.<\/p>\n<p><strong>Early Departure: <br><\/strong>The resort is not obliged to refund the guest\/customer for the value of nights for an early departure. For any exceptions based on the reasons for early departure, approval from the company management is required.<\/p>\n<p><strong>Applicable Law:<br><\/strong>Slovenian law applies to these general terms and conditions. The parties agree to the exclusive jurisdiction of Slovenian courts.<\/p>\n<p><strong> Privacy Protection:<\/strong> <br>Podjetje SLAVKO PEZDIRNIK S.P&nbsp;bo vse pridobljene podatke o obiskovalcih spletne strani varovalo v skladu z zakonom o varstvu osebnih podatkov ter ostalo slovensko in evropsko zakonodajo. S po\u0161iljanjem osebnih podatkov preko informativnega obrazca obiskovalec spletne strani pristane, da podjetje SLAVKO PEZDIRNIK S.P&nbsp;te podatke uporablja za interne potrebe statistike in obdelave podatkov. Pri tem se podjetje zavezuje, da podatkov ne bo posredovalo tretjim osebam ali podjetjem s ciljem komercialnega izkori\u0161\u010danja osebnih podatkov. Obiskovalec spletne strani prostovoljno podaja svoje osebne podatke in dovoljuje podjetju<strong>&nbsp;<\/strong>SLAVKO PEZDIRNIK S.P. Dovje 104C 4281 Mojstrana&nbsp;(uporabnik osebnih podatkov), da se njegovi osebni podatki zbirajo, uporabljajo in obdelujejo (to je zbiranje, pridobivanje, vpis, urejanje, shranjevanje, prilagajanje ali spreminjanje, priklicanje, vpogled, uporaba, razkritje s prenosom, sporo\u010danje, \u0161irjenje ali drugo dajanje na razpolago, razvrstitev ali povezovanje, blokiranje, anonimiziranje, izbris ali uni\u010denje) predvsem za naslednje tr\u017eno komunikacijske namene: segmentacije, modeliranje, profiliranje potro\u0161nikov, posredovanje ponudb, oglasnega materiala ter komunikacijo prek po\u0161te, epo\u0161te, telefona, SMSa (tudi za namen remarketinga \u2013 na na\u010din ciljanih oglasov prek elektronske po\u0161te in\/ali dru\u017ebenih omre\u017eij) skladno z Zakonom o varstvu osebnih podatkov. Osebne podatke obiskovalca spletne strani lahko podjetje hrani in uporablja do pisnega preklica. Obiskovalec spletne strani se strinja, da se njegovi osebni podatki uporabljajo za namene neposrednega tr\u017eenja (kot opredeljeno predhodno) \u010dasovno neomejeno oziroma vse do njegove zahteve, da se z neposrednim tr\u017eenjem preneha. Vsak obiskovalec spletne strani ima pravico do vpogleda, prepisa, kopiranja, dopolnitve, popravka, blokiranja in izbrisa osebnih podatkov, ki se nana\u0161ajo nanj. Ob prijavi je potrebno predlo\u017eiti veljaven osebni dokument.<\/p>\n<p><strong> Data Usage:<\/strong> <br>SLAVKO PEZDIRNIK S.P&nbsp;vse pridobljene podatke o gostih varujejo v skladu z zakonom o varstvu osebnih podatkov. \u0160teje se, da gost s sprejemom ponudbe pristaja na uporabo teh podatkov tudi za namene statisti\u010dne obdelave in obve\u0161\u010danja o ponudbi. \u010ce gost tega ne \u017eeli, lahko to izjavi ob prijavi.<\/p>\t\t\t\t\t\t\t\t<\/div>\n\t\t\t\t<\/div>\n\t\t\t\t\t<\/div>\n\t\t\t\t<\/div>\n\t\t<div class=\"elementor-element elementor-element-1e64b23 e-flex e-con-boxed e-con e-parent\" data-id=\"1e64b23\" data-element_type=\"container\">\n\t\t\t\t\t<div class=\"e-con-inner\">\n\t\t\t\t<div class=\"elementor-element elementor-element-4ee6e19 elementor-widget elementor-widget-heading\" data-id=\"4ee6e19\" data-element_type=\"widget\" data-widget_type=\"heading.default\">\n\t\t\t\t<div class=\"elementor-widget-container\">\n\t\t\t\t\t<h2 class=\"elementor-heading-title elementor-size-default\">House rules <\/h2>\t\t\t\t<\/div>\n\t\t\t\t<\/div>\n\t\t\t\t<div class=\"elementor-element elementor-element-9235287 elementor-widget elementor-widget-text-editor\" data-id=\"9235287\" data-element_type=\"widget\" data-widget_type=\"text-editor.default\">\n\t\t\t\t<div class=\"elementor-widget-container\">\n\t\t\t\t\t\t\t\t\t<ul><li>Smoking is not allowed indoors.<\/li><li>Parties are not allowed.<\/li><li>Quiet hours are from 22:00 to 7:00.<\/li><li>Changing the arrangement of interior furnishings is prohibited.\u00a0\u00a0<\/li><li>Guests who violate house rules or disturb the neighborhood will have their services terminated or not provided.<\/li><li>Burning in the fireplace is allowed only by prior arrangement.<\/li><li>Pets are allowed with prior arrangement, and their stay is free of charge.<\/li><li>For hygiene reasons, pets are not allowed in the bedrooms.<\/li><li>The owner is responsible for any potential damage caused by pets and is also responsible for cleaning up after them.<\/li><li>In an effort to preserve the environment, guests are kindly asked to use water and energy sparingly.<\/li><\/ul>\t\t\t\t\t\t\t\t<\/div>\n\t\t\t\t<\/div>\n\t\t\t\t\t<\/div>\n\t\t\t\t<\/div>\n\t\t<div class=\"elementor-element elementor-element-c615570 e-flex e-con-boxed e-con e-parent\" data-id=\"c615570\" data-element_type=\"container\">\n\t\t\t\t\t<div class=\"e-con-inner\">\n\t\t\t\t<div class=\"elementor-element elementor-element-d2c08b6 elementor-widget elementor-widget-heading\" data-id=\"d2c08b6\" data-element_type=\"widget\" data-widget_type=\"heading.default\">\n\t\t\t\t<div class=\"elementor-widget-container\">\n\t\t\t\t\t<h2 class=\"elementor-heading-title elementor-size-default\">Important Phone Numbers and Addresses<\/h2>\t\t\t\t<\/div>\n\t\t\t\t<\/div>\n\t\t\t\t<div class=\"elementor-element elementor-element-58b2e89 elementor-widget elementor-widget-text-editor\" data-id=\"58b2e89\" data-element_type=\"widget\" data-widget_type=\"text-editor.default\">\n\t\t\t\t<div class=\"elementor-widget-container\">\n\t\t\t\t\t\t\t\t\t<ul><li>Firefighters and Paramedics: 112 (EMERGENCY)<\/li><li>Police: 113<\/li><li>Health Center Kranjska Gora: +386 (0) 4 588 46 00<\/li><li>Hospital Jesenice: +386 (0) 4 586 80 00<\/li><li>Pharmacy Kranjska Gora: +386 (0) 4 58 84 760<\/li><li>Pharmacy Jesenice: +386 (0) 4 58 33 710<\/li><li>\u00a0<\/li><\/ul>\t\t\t\t\t\t\t\t<\/div>\n\t\t\t\t<\/div>\n\t\t\t\t\t<\/div>\n\t\t\t\t<\/div>\n\t\t\t\t<\/div>","protected":false},"excerpt":{"rendered":"<p>Splo\u0161ni pogoji poslovanja Pogodbeni partnerji: Pogodbena partnerja sta Radovna Chalet in gost. \u010ce je za gosta oddala naro\u010dilo tretja oseba, potem na podlagi solidarnega jamstva tretja oseba skupaj z gostom jam\u010di resortu za vse obveznosti iz pogodbe. Splo\u0161ni pogoji za najem in kori\u0161\u010denje namestitvenih kapacitet Radovna Chalet (Slavko Pezdirnik s.p.), so objavljeni na spletni strani [&hellip;]<\/p>","protected":false},"author":1,"featured_media":0,"parent":0,"menu_order":0,"comment_status":"closed","ping_status":"closed","template":"","meta":{"footnotes":""},"class_list":["post-687","page","type-page","status-publish","hentry"],"aioseo_notices":[],"yoast_head":"<!-- This site is optimized with the Yoast SEO plugin v26.2 - https:\/\/yoast.com\/wordpress\/plugins\/seo\/ -->\n<title>Splo\u0161ni pogoji |<\/title>\n<meta name=\"robots\" content=\"index, follow, max-snippet:-1, max-image-preview:large, max-video-preview:-1\" \/>\n<link rel=\"canonical\" href=\"https:\/\/radovnachalet.com\/en\/splosni-pogoji\/\" \/>\n<meta property=\"og:locale\" content=\"en_GB\" \/>\n<meta property=\"og:type\" content=\"article\" \/>\n<meta property=\"og:title\" content=\"Splo\u0161ni pogoji |\" \/>\n<meta property=\"og:description\" content=\"Splo\u0161ni pogoji poslovanja Pogodbeni partnerji: Pogodbena partnerja sta Radovna Chalet in gost. \u010ce je za gosta oddala naro\u010dilo tretja oseba, potem na podlagi solidarnega jamstva tretja oseba skupaj z gostom jam\u010di resortu za vse obveznosti iz pogodbe. Splo\u0161ni pogoji za najem in kori\u0161\u010denje namestitvenih kapacitet Radovna Chalet (Slavko Pezdirnik s.p.), so objavljeni na spletni strani [&hellip;]\" \/>\n<meta property=\"og:url\" content=\"https:\/\/radovnachalet.com\/en\/splosni-pogoji\/\" \/>\n<meta property=\"article:modified_time\" content=\"2023-11-29T14:45:08+00:00\" \/>\n<meta name=\"twitter:card\" content=\"summary_large_image\" \/>\n<meta name=\"twitter:label1\" content=\"Estimated reading time\" \/>\n\t<meta name=\"twitter:data1\" content=\"10 minutes\" \/>\n<script type=\"application\/ld+json\" class=\"yoast-schema-graph\">{\"@context\":\"https:\/\/schema.org\",\"@graph\":[{\"@type\":\"WebPage\",\"@id\":\"https:\/\/radovnachalet.com\/en\/splosni-pogoji\/\",\"url\":\"https:\/\/radovnachalet.com\/en\/splosni-pogoji\/\",\"name\":\"Splo\u0161ni pogoji |\",\"isPartOf\":{\"@id\":\"https:\/\/radovnachalet.com\/#website\"},\"datePublished\":\"2023-07-11T15:16:25+00:00\",\"dateModified\":\"2023-11-29T14:45:08+00:00\",\"breadcrumb\":{\"@id\":\"https:\/\/radovnachalet.com\/en\/splosni-pogoji\/#breadcrumb\"},\"inLanguage\":\"en-GB\",\"potentialAction\":[{\"@type\":\"ReadAction\",\"target\":[\"https:\/\/radovnachalet.com\/en\/splosni-pogoji\/\"]}]},{\"@type\":\"BreadcrumbList\",\"@id\":\"https:\/\/radovnachalet.com\/en\/splosni-pogoji\/#breadcrumb\",\"itemListElement\":[{\"@type\":\"ListItem\",\"position\":1,\"name\":\"Home\",\"item\":\"https:\/\/radovnachalet.com\/\"},{\"@type\":\"ListItem\",\"position\":2,\"name\":\"Splo\u0161ni pogoji\"}]},{\"@type\":\"WebSite\",\"@id\":\"https:\/\/radovnachalet.com\/#website\",\"url\":\"https:\/\/radovnachalet.com\/\",\"name\":\"www.radovnachalet.com\",\"description\":\"radovna chalet\",\"publisher\":{\"@id\":\"https:\/\/radovnachalet.com\/#\/schema\/person\/6203514a01c980549b6dc159e0728ee0\"},\"alternateName\":\"RadovnaChalet\",\"potentialAction\":[{\"@type\":\"SearchAction\",\"target\":{\"@type\":\"EntryPoint\",\"urlTemplate\":\"https:\/\/radovnachalet.com\/?s={search_term_string}\"},\"query-input\":{\"@type\":\"PropertyValueSpecification\",\"valueRequired\":true,\"valueName\":\"search_term_string\"}}],\"inLanguage\":\"en-GB\"},{\"@type\":[\"Person\",\"Organization\"],\"@id\":\"https:\/\/radovnachalet.com\/#\/schema\/person\/6203514a01c980549b6dc159e0728ee0\",\"name\":\"radovna\",\"image\":{\"@type\":\"ImageObject\",\"inLanguage\":\"en-GB\",\"@id\":\"https:\/\/radovnachalet.com\/#\/schema\/person\/image\/\",\"url\":\"https:\/\/secure.gravatar.com\/avatar\/636f780545178e827891a344d9056b0ef697c235aabadc8fb6c6bb8a18b575c9?s=96&d=mm&r=g\",\"contentUrl\":\"https:\/\/secure.gravatar.com\/avatar\/636f780545178e827891a344d9056b0ef697c235aabadc8fb6c6bb8a18b575c9?s=96&d=mm&r=g\",\"caption\":\"radovna\"},\"logo\":{\"@id\":\"https:\/\/radovnachalet.com\/#\/schema\/person\/image\/\"},\"sameAs\":[\"https:\/\/radovnachalet.com\"]}]}<\/script>\n<!-- \/ Yoast SEO plugin. -->","yoast_head_json":{"title":"Splo\u0161ni pogoji |","robots":{"index":"index","follow":"follow","max-snippet":"max-snippet:-1","max-image-preview":"max-image-preview:large","max-video-preview":"max-video-preview:-1"},"canonical":"https:\/\/radovnachalet.com\/en\/splosni-pogoji\/","og_locale":"en_GB","og_type":"article","og_title":"Splo\u0161ni pogoji |","og_description":"Splo\u0161ni pogoji poslovanja Pogodbeni partnerji: Pogodbena partnerja sta Radovna Chalet in gost. \u010ce je za gosta oddala naro\u010dilo tretja oseba, potem na podlagi solidarnega jamstva tretja oseba skupaj z gostom jam\u010di resortu za vse obveznosti iz pogodbe. Splo\u0161ni pogoji za najem in kori\u0161\u010denje namestitvenih kapacitet Radovna Chalet (Slavko Pezdirnik s.p.), so objavljeni na spletni strani [&hellip;]","og_url":"https:\/\/radovnachalet.com\/en\/splosni-pogoji\/","article_modified_time":"2023-11-29T14:45:08+00:00","twitter_card":"summary_large_image","twitter_misc":{"Estimated reading time":"10 minutes"},"schema":{"@context":"https:\/\/schema.org","@graph":[{"@type":"WebPage","@id":"https:\/\/radovnachalet.com\/en\/splosni-pogoji\/","url":"https:\/\/radovnachalet.com\/en\/splosni-pogoji\/","name":"Splo\u0161ni pogoji |","isPartOf":{"@id":"https:\/\/radovnachalet.com\/#website"},"datePublished":"2023-07-11T15:16:25+00:00","dateModified":"2023-11-29T14:45:08+00:00","breadcrumb":{"@id":"https:\/\/radovnachalet.com\/en\/splosni-pogoji\/#breadcrumb"},"inLanguage":"en-GB","potentialAction":[{"@type":"ReadAction","target":["https:\/\/radovnachalet.com\/en\/splosni-pogoji\/"]}]},{"@type":"BreadcrumbList","@id":"https:\/\/radovnachalet.com\/en\/splosni-pogoji\/#breadcrumb","itemListElement":[{"@type":"ListItem","position":1,"name":"Home","item":"https:\/\/radovnachalet.com\/"},{"@type":"ListItem","position":2,"name":"Splo\u0161ni pogoji"}]},{"@type":"WebSite","@id":"https:\/\/radovnachalet.com\/#website","url":"https:\/\/radovnachalet.com\/","name":"www.radovnachalet.com","description":"radovna chalet","publisher":{"@id":"https:\/\/radovnachalet.com\/#\/schema\/person\/6203514a01c980549b6dc159e0728ee0"},"alternateName":"RadovnaChalet","potentialAction":[{"@type":"SearchAction","target":{"@type":"EntryPoint","urlTemplate":"https:\/\/radovnachalet.com\/?s={search_term_string}"},"query-input":{"@type":"PropertyValueSpecification","valueRequired":true,"valueName":"search_term_string"}}],"inLanguage":"en-GB"},{"@type":["Person","Organization"],"@id":"https:\/\/radovnachalet.com\/#\/schema\/person\/6203514a01c980549b6dc159e0728ee0","name":"radovna","image":{"@type":"ImageObject","inLanguage":"en-GB","@id":"https:\/\/radovnachalet.com\/#\/schema\/person\/image\/","url":"https:\/\/secure.gravatar.com\/avatar\/636f780545178e827891a344d9056b0ef697c235aabadc8fb6c6bb8a18b575c9?s=96&d=mm&r=g","contentUrl":"https:\/\/secure.gravatar.com\/avatar\/636f780545178e827891a344d9056b0ef697c235aabadc8fb6c6bb8a18b575c9?s=96&d=mm&r=g","caption":"radovna"},"logo":{"@id":"https:\/\/radovnachalet.com\/#\/schema\/person\/image\/"},"sameAs":["https:\/\/radovnachalet.com"]}]}},"_links":{"self":[{"href":"https:\/\/radovnachalet.com\/en\/wp-json\/wp\/v2\/pages\/687","targetHints":{"allow":["GET"]}}],"collection":[{"href":"https:\/\/radovnachalet.com\/en\/wp-json\/wp\/v2\/pages"}],"about":[{"href":"https:\/\/radovnachalet.com\/en\/wp-json\/wp\/v2\/types\/page"}],"author":[{"embeddable":true,"href":"https:\/\/radovnachalet.com\/en\/wp-json\/wp\/v2\/users\/1"}],"replies":[{"embeddable":true,"href":"https:\/\/radovnachalet.com\/en\/wp-json\/wp\/v2\/comments?post=687"}],"version-history":[{"count":54,"href":"https:\/\/radovnachalet.com\/en\/wp-json\/wp\/v2\/pages\/687\/revisions"}],"predecessor-version":[{"id":1885,"href":"https:\/\/radovnachalet.com\/en\/wp-json\/wp\/v2\/pages\/687\/revisions\/1885"}],"wp:attachment":[{"href":"https:\/\/radovnachalet.com\/en\/wp-json\/wp\/v2\/media?parent=687"}],"curies":[{"name":"wp","href":"https:\/\/api.w.org\/{rel}","templated":true}]}}