{"id":577,"date":"2023-07-11T12:22:37","date_gmt":"2023-07-11T12:22:37","guid":{"rendered":"https:\/\/radovnachalet.com\/?page_id=577"},"modified":"2023-11-29T14:44:31","modified_gmt":"2023-11-29T14:44:31","slug":"piskotki","status":"publish","type":"page","link":"https:\/\/radovnachalet.com\/en\/piskotki\/","title":{"rendered":"Cookies"},"content":{"rendered":"<div data-elementor-type=\"wp-page\" data-elementor-id=\"577\" class=\"elementor elementor-577\" data-elementor-post-type=\"page\">\n\t\t\t\t<div class=\"elementor-element elementor-element-5fd998b e-flex e-con-boxed e-con e-parent\" data-id=\"5fd998b\" data-element_type=\"container\">\n\t\t\t\t\t<div class=\"e-con-inner\">\n\t\t\t\t<div class=\"elementor-element elementor-element-a5c89ae elementor-widget elementor-widget-heading\" data-id=\"a5c89ae\" data-element_type=\"widget\" data-widget_type=\"heading.default\">\n\t\t\t\t<div class=\"elementor-widget-container\">\n\t\t\t\t\t<h2 class=\"elementor-heading-title elementor-size-default\">Cookies<\/h2>\t\t\t\t<\/div>\n\t\t\t\t<\/div>\n\t\t\t\t<div class=\"elementor-element elementor-element-23d0392 elementor-widget elementor-widget-text-editor\" data-id=\"23d0392\" data-element_type=\"widget\" data-widget_type=\"text-editor.default\">\n\t\t\t\t<div class=\"elementor-widget-container\">\n\t\t\t\t\t\t\t\t\t<p><strong>Privacy Notice<\/strong><\/p><p>Radovna Chalet respects your privacy and is committed to carefully safeguarding personal data obtained through the web information system, and will not disclose them to third parties or use them for other purposes without your consent. As there are certain links to other external websites within the web information system that are not associated with Radovna Chalet's websites, we assume no responsibility for the protection of data on these websites.<\/p><p><strong>Cookies<\/strong><\/p><p>Cookies are pieces of information about your website visit. When you visit a website, a cookie (a file with information) is placed on your computer, which on one hand ensures ease and speed, but on the other hand can also intrude on privacy or enable later targeted advertising. \u00a0<\/p><p><strong>Contents of a Cookie<\/strong><\/p><p>A cookie contains basic data about your visit to a specific website. First, the name of your computer or your name and the name of the visited website are recorded. The content of the cookie is stored on your computer in a specific directory. By double-clicking the file, you can obtain more detailed information about the visited website, the date, and time of the visit. All this data is also stored by the manager of the website you visited. This way, a lot can be learned about your computer's hardware and internet usage.<\/p><p>Cookies can be deleted, excluded, or conditionally used with specific settings. By default, browsers are set to accept cookies but reject the setting of cookies that do not originate from the domain stated in the address bar. \u00a0<\/p><p>Radovna Chalet commits to protecting the data and privacy of visitors to its websites to the best of its abilities. In order to prevent unauthorized access to acquired data or their disclosure, maintain the accuracy of personal data, and ensure their appropriate use, we use appropriate technical and organizational procedures to secure the data we collect.<\/p><p class=\"lead\"><strong>COOKIES USED BY THE WEBSITE WWW.RADOVNACHALET.COM<\/strong><\/p><p><strong>System Cookies<\/strong><\/p><div class=\"is-table-container\"><table class=\"table-reflow table-bordered table-responsive table-sm\"><thead><tr><th>COOKIE NAME<\/th><th>PURPOSE<\/th><th>DURATION<\/th><th>COMPANY<\/th><\/tr><\/thead><tbody><tr><td>cookieconsent_status<\/td><td>Stores information about whether you have allowed cookies or not<\/td><td>1 year<\/td><td>Radovna Chalet<\/td><\/tr><tr><td>october_session<\/td><td>Stores information about the current session (cart, etc.)<\/td><td>Until the end of the session<\/td><td>Radovna Chalet<\/td><\/tr><\/tbody><\/table><\/div><p>System cookies are part of the platform we use and will be loaded in any case.<\/p><p><strong>Analytical Cookies<\/strong><\/p><div class=\"is-table-container\"><table class=\"table-reflow table-bordered table-responsive table-sm\"><thead><tr><th>COOKIE NAME<\/th><th>PURPOSE<\/th><th>DURATION<\/th><th>COMPANY<\/th><\/tr><\/thead><tbody><tr><td>_ga<\/td><td>Google Analytics<br \/>(website view statistics)<\/td><td>2 years<\/td><td>Google Inc.<\/td><\/tr><tr><td>_gat<\/td><td>Google Analytics<br \/>(website view statistics)<\/td><td>1 minute<\/td><td>Google Inc.<\/td><\/tr><tr><td>_gid<\/td><td>Google Analytics<br \/>(website view statistics)<\/td><td>1 day<\/td><td>Google Inc.<\/td><\/tr><\/tbody><\/table><\/div><p>Analytical cookies will only be loaded if you allow the use of cookies. More about cookies used by Google Analytics can be found at\u00a0<a href=\"https:\/\/developers.google.com\/analytics\/devguides\/collection\/analyticsjs\/cookie-usage\" target=\"_blank\" rel=\"noopener noreferrer\">https:\/\/developers.google.com\/analytics\/devguides\/collection\/analyticsjs\/cookie-usage.<\/a><\/p><p><strong>Disabling Cookies<\/strong><\/p><p>Users can independently decide whether to enable the use of cookies. You can control and change cookie settings in your web browser. Information about cookie settings (for different web browsers) is available at the following links:<\/p><ul><li><a href=\"https:\/\/support.google.com\/chrome\/answer\/95647?hl=sl-sl&amp;p=cpn_cookies\" target=\"_blank\" rel=\"noopener noreferrer\">Chrome<\/a><\/li><li><a href=\"http:\/\/support.mozilla.org\/sl\/kb\/Kako%20aktivirate%20in%20deaktivirate%20pi%C5%A1kote\" target=\"_blank\" rel=\"noopener noreferrer\">Firefox<\/a><\/li><li><a href=\"https:\/\/support.microsoft.com\/en-gb\/products\/windows?os=windows-10\" target=\"_blank\" rel=\"noopener noreferrer\">Internet Explorer 9<\/a><\/li><li><a href=\"https:\/\/support.microsoft.com\/en-gb\/help\/17442\/windows-internet-explorer-delete-manage-cookies\" target=\"_blank\" rel=\"noopener noreferrer\">Internet Explorer 7 in 8<\/a><\/li><li><a href=\"https:\/\/www.opera.com\/help\/tutorials\/security\/cookies\/\" target=\"_blank\" rel=\"noopener noreferrer\">Opera<\/a>\u00a0page in English<\/li><li><a href=\"https:\/\/support.apple.com\/kb\/ph5042?locale=en_GB\" target=\"_blank\" rel=\"noopener noreferrer\">Safari<\/a>\u00a0page in English<\/li><\/ul><p>If you disable cookies, some features of the website will be disabled.<\/p>\t\t\t\t\t\t\t\t<\/div>\n\t\t\t\t<\/div>\n\t\t\t\t\t<\/div>\n\t\t\t\t<\/div>\n\t\t\t\t<\/div>","protected":false},"excerpt":{"rendered":"<p>Pi\u0161kotki Varovanje zasebnosti 1. Radovna Chalet spo\u0161tuje va\u0161o zasebnost in se zavezuje, da bo osebne podatke, pridobljene preko spletnega informacijskega sistema, skrbno varovala in jih brez va\u0161e privolitve ne bo posredovala tretji osebi oziroma jih uporabila v druge namene. Ker obstajajo v spletnem informacijskem sistemu dolo\u010dene povezave na druge, zunanje spletne strani, ki niso vezane [&hellip;]<\/p>","protected":false},"author":1,"featured_media":0,"parent":0,"menu_order":0,"comment_status":"closed","ping_status":"closed","template":"","meta":{"footnotes":""},"class_list":["post-577","page","type-page","status-publish","hentry"],"aioseo_notices":[],"yoast_head":"<!-- This site is optimized with the Yoast SEO plugin v26.2 - https:\/\/yoast.com\/wordpress\/plugins\/seo\/ -->\n<title>Pi\u0161kotki |<\/title>\n<meta name=\"robots\" content=\"index, follow, max-snippet:-1, max-image-preview:large, max-video-preview:-1\" \/>\n<link rel=\"canonical\" href=\"https:\/\/radovnachalet.com\/en\/piskotki\/\" \/>\n<meta property=\"og:locale\" content=\"en_GB\" \/>\n<meta property=\"og:type\" content=\"article\" \/>\n<meta property=\"og:title\" content=\"Pi\u0161kotki |\" \/>\n<meta property=\"og:description\" content=\"Pi\u0161kotki Varovanje zasebnosti 1. Radovna Chalet spo\u0161tuje va\u0161o zasebnost in se zavezuje, da bo osebne podatke, pridobljene preko spletnega informacijskega sistema, skrbno varovala in jih brez va\u0161e privolitve ne bo posredovala tretji osebi oziroma jih uporabila v druge namene. Ker obstajajo v spletnem informacijskem sistemu dolo\u010dene povezave na druge, zunanje spletne strani, ki niso vezane [&hellip;]\" \/>\n<meta property=\"og:url\" content=\"https:\/\/radovnachalet.com\/en\/piskotki\/\" \/>\n<meta property=\"article:modified_time\" content=\"2023-11-29T14:44:31+00:00\" \/>\n<meta name=\"twitter:card\" content=\"summary_large_image\" \/>\n<meta name=\"twitter:label1\" content=\"Estimated reading time\" \/>\n\t<meta name=\"twitter:data1\" content=\"3 minutes\" \/>\n<script type=\"application\/ld+json\" class=\"yoast-schema-graph\">{\"@context\":\"https:\/\/schema.org\",\"@graph\":[{\"@type\":\"WebPage\",\"@id\":\"https:\/\/radovnachalet.com\/piskotki\/\",\"url\":\"https:\/\/radovnachalet.com\/piskotki\/\",\"name\":\"Pi\u0161kotki |\",\"isPartOf\":{\"@id\":\"https:\/\/radovnachalet.com\/#website\"},\"datePublished\":\"2023-07-11T12:22:37+00:00\",\"dateModified\":\"2023-11-29T14:44:31+00:00\",\"breadcrumb\":{\"@id\":\"https:\/\/radovnachalet.com\/piskotki\/#breadcrumb\"},\"inLanguage\":\"en-GB\",\"potentialAction\":[{\"@type\":\"ReadAction\",\"target\":[\"https:\/\/radovnachalet.com\/piskotki\/\"]}]},{\"@type\":\"BreadcrumbList\",\"@id\":\"https:\/\/radovnachalet.com\/piskotki\/#breadcrumb\",\"itemListElement\":[{\"@type\":\"ListItem\",\"position\":1,\"name\":\"Home\",\"item\":\"https:\/\/radovnachalet.com\/\"},{\"@type\":\"ListItem\",\"position\":2,\"name\":\"Pi\u0161kotki\"}]},{\"@type\":\"WebSite\",\"@id\":\"https:\/\/radovnachalet.com\/#website\",\"url\":\"https:\/\/radovnachalet.com\/\",\"name\":\"www.radovnachalet.com\",\"description\":\"radovna chalet\",\"publisher\":{\"@id\":\"https:\/\/radovnachalet.com\/#\/schema\/person\/6203514a01c980549b6dc159e0728ee0\"},\"alternateName\":\"RadovnaChalet\",\"potentialAction\":[{\"@type\":\"SearchAction\",\"target\":{\"@type\":\"EntryPoint\",\"urlTemplate\":\"https:\/\/radovnachalet.com\/?s={search_term_string}\"},\"query-input\":{\"@type\":\"PropertyValueSpecification\",\"valueRequired\":true,\"valueName\":\"search_term_string\"}}],\"inLanguage\":\"en-GB\"},{\"@type\":[\"Person\",\"Organization\"],\"@id\":\"https:\/\/radovnachalet.com\/#\/schema\/person\/6203514a01c980549b6dc159e0728ee0\",\"name\":\"radovna\",\"image\":{\"@type\":\"ImageObject\",\"inLanguage\":\"en-GB\",\"@id\":\"https:\/\/radovnachalet.com\/#\/schema\/person\/image\/\",\"url\":\"https:\/\/secure.gravatar.com\/avatar\/636f780545178e827891a344d9056b0ef697c235aabadc8fb6c6bb8a18b575c9?s=96&d=mm&r=g\",\"contentUrl\":\"https:\/\/secure.gravatar.com\/avatar\/636f780545178e827891a344d9056b0ef697c235aabadc8fb6c6bb8a18b575c9?s=96&d=mm&r=g\",\"caption\":\"radovna\"},\"logo\":{\"@id\":\"https:\/\/radovnachalet.com\/#\/schema\/person\/image\/\"},\"sameAs\":[\"https:\/\/radovnachalet.com\"]}]}<\/script>\n<!-- \/ Yoast SEO plugin. -->","yoast_head_json":{"title":"Pi\u0161kotki |","robots":{"index":"index","follow":"follow","max-snippet":"max-snippet:-1","max-image-preview":"max-image-preview:large","max-video-preview":"max-video-preview:-1"},"canonical":"https:\/\/radovnachalet.com\/en\/piskotki\/","og_locale":"en_GB","og_type":"article","og_title":"Pi\u0161kotki |","og_description":"Pi\u0161kotki Varovanje zasebnosti 1. Radovna Chalet spo\u0161tuje va\u0161o zasebnost in se zavezuje, da bo osebne podatke, pridobljene preko spletnega informacijskega sistema, skrbno varovala in jih brez va\u0161e privolitve ne bo posredovala tretji osebi oziroma jih uporabila v druge namene. Ker obstajajo v spletnem informacijskem sistemu dolo\u010dene povezave na druge, zunanje spletne strani, ki niso vezane [&hellip;]","og_url":"https:\/\/radovnachalet.com\/en\/piskotki\/","article_modified_time":"2023-11-29T14:44:31+00:00","twitter_card":"summary_large_image","twitter_misc":{"Estimated reading time":"3 minutes"},"schema":{"@context":"https:\/\/schema.org","@graph":[{"@type":"WebPage","@id":"https:\/\/radovnachalet.com\/piskotki\/","url":"https:\/\/radovnachalet.com\/piskotki\/","name":"Pi\u0161kotki |","isPartOf":{"@id":"https:\/\/radovnachalet.com\/#website"},"datePublished":"2023-07-11T12:22:37+00:00","dateModified":"2023-11-29T14:44:31+00:00","breadcrumb":{"@id":"https:\/\/radovnachalet.com\/piskotki\/#breadcrumb"},"inLanguage":"en-GB","potentialAction":[{"@type":"ReadAction","target":["https:\/\/radovnachalet.com\/piskotki\/"]}]},{"@type":"BreadcrumbList","@id":"https:\/\/radovnachalet.com\/piskotki\/#breadcrumb","itemListElement":[{"@type":"ListItem","position":1,"name":"Home","item":"https:\/\/radovnachalet.com\/"},{"@type":"ListItem","position":2,"name":"Pi\u0161kotki"}]},{"@type":"WebSite","@id":"https:\/\/radovnachalet.com\/#website","url":"https:\/\/radovnachalet.com\/","name":"www.radovnachalet.com","description":"radovna chalet","publisher":{"@id":"https:\/\/radovnachalet.com\/#\/schema\/person\/6203514a01c980549b6dc159e0728ee0"},"alternateName":"RadovnaChalet","potentialAction":[{"@type":"SearchAction","target":{"@type":"EntryPoint","urlTemplate":"https:\/\/radovnachalet.com\/?s={search_term_string}"},"query-input":{"@type":"PropertyValueSpecification","valueRequired":true,"valueName":"search_term_string"}}],"inLanguage":"en-GB"},{"@type":["Person","Organization"],"@id":"https:\/\/radovnachalet.com\/#\/schema\/person\/6203514a01c980549b6dc159e0728ee0","name":"radovna","image":{"@type":"ImageObject","inLanguage":"en-GB","@id":"https:\/\/radovnachalet.com\/#\/schema\/person\/image\/","url":"https:\/\/secure.gravatar.com\/avatar\/636f780545178e827891a344d9056b0ef697c235aabadc8fb6c6bb8a18b575c9?s=96&d=mm&r=g","contentUrl":"https:\/\/secure.gravatar.com\/avatar\/636f780545178e827891a344d9056b0ef697c235aabadc8fb6c6bb8a18b575c9?s=96&d=mm&r=g","caption":"radovna"},"logo":{"@id":"https:\/\/radovnachalet.com\/#\/schema\/person\/image\/"},"sameAs":["https:\/\/radovnachalet.com"]}]}},"_links":{"self":[{"href":"https:\/\/radovnachalet.com\/en\/wp-json\/wp\/v2\/pages\/577","targetHints":{"allow":["GET"]}}],"collection":[{"href":"https:\/\/radovnachalet.com\/en\/wp-json\/wp\/v2\/pages"}],"about":[{"href":"https:\/\/radovnachalet.com\/en\/wp-json\/wp\/v2\/types\/page"}],"author":[{"embeddable":true,"href":"https:\/\/radovnachalet.com\/en\/wp-json\/wp\/v2\/users\/1"}],"replies":[{"embeddable":true,"href":"https:\/\/radovnachalet.com\/en\/wp-json\/wp\/v2\/comments?post=577"}],"version-history":[{"count":12,"href":"https:\/\/radovnachalet.com\/en\/wp-json\/wp\/v2\/pages\/577\/revisions"}],"predecessor-version":[{"id":1883,"href":"https:\/\/radovnachalet.com\/en\/wp-json\/wp\/v2\/pages\/577\/revisions\/1883"}],"wp:attachment":[{"href":"https:\/\/radovnachalet.com\/en\/wp-json\/wp\/v2\/media?parent=577"}],"curies":[{"name":"wp","href":"https:\/\/api.w.org\/{rel}","templated":true}]}}