{"id":314,"date":"2023-06-19T09:48:21","date_gmt":"2023-06-19T09:48:21","guid":{"rendered":"https:\/\/radovnachalet.com\/?page_id=314"},"modified":"2025-08-03T09:15:32","modified_gmt":"2025-08-03T09:15:32","slug":"rezervacija-booking","status":"publish","type":"page","link":"https:\/\/radovnachalet.com\/en\/rezervacija-booking\/","title":{"rendered":"Reservation"},"content":{"rendered":"<div data-elementor-type=\"wp-page\" data-elementor-id=\"314\" class=\"elementor elementor-314\" data-elementor-post-type=\"page\">\n\t\t\t\t<div class=\"elementor-element elementor-element-2bbd0fe e-flex e-con-boxed e-con e-parent\" data-id=\"2bbd0fe\" data-element_type=\"container\">\n\t\t\t\t\t<div class=\"e-con-inner\">\n\t\t\t\t<div class=\"elementor-element elementor-element-6be9b06 elementor-widget elementor-widget-heading\" data-id=\"6be9b06\" data-element_type=\"widget\" data-widget_type=\"heading.default\">\n\t\t\t\t<div class=\"elementor-widget-container\">\n\t\t\t\t\t<h1 class=\"elementor-heading-title elementor-size-default\">Availability and reservations<\/h1>\t\t\t\t<\/div>\n\t\t\t\t<\/div>\n\t\t\t\t<div class=\"elementor-element elementor-element-54e6773 elementor-widget elementor-widget-text-editor\" data-id=\"54e6773\" data-element_type=\"widget\" data-widget_type=\"text-editor.default\">\n\t\t\t\t<div class=\"elementor-widget-container\">\n\t\t\t\t\t\t\t\t\t<p>For reservations, you can contact us via\u00a0<\/p><p>E-mail addres: <a href=\"mailto:radovnachalet@gmail.com\">radovnachalet@gmail.com<\/a><\/p><p>( Phone number: +386 40 751 208 )<\/p>\t\t\t\t\t\t\t\t<\/div>\n\t\t\t\t<\/div>\n\t\t\t\t<div class=\"elementor-element elementor-element-21f511b elementor-widget elementor-widget-text-editor\" data-id=\"21f511b\" data-element_type=\"widget\" data-widget_type=\"text-editor.default\">\n\t\t\t\t<div class=\"elementor-widget-container\">\n\t\t\t\t\t\t\t\t\t<p>_______________&amp;________________<\/p>\t\t\t\t\t\t\t\t<\/div>\n\t\t\t\t<\/div>\n\t\t\t\t<div class=\"elementor-element elementor-element-ecda062 elementor-widget elementor-widget-text-editor\" data-id=\"ecda062\" data-element_type=\"widget\" data-widget_type=\"text-editor.default\">\n\t\t\t\t<div class=\"elementor-widget-container\">\n\t\t\t\t\t\t\t\t\t<p>You can also check availability or make reservation through the Booking website. <a href=\"https:\/\/www.booking.com\/hotel\/si\/radovna-chalet-with-panoramic-view.sl.html?aid=304142&amp;label=gen173nr-1FCAEoggI46AdIM1gEaMsBiAEBmAEjuAEYyAEM2AEB6AEB-AEMiAIBqAIEuAKAvIGsBsACAdICJGYzMzlhN2EyLTNlNWItNDcwZi04NjNmLWNlMWM4ZWRlM2NhONgCBuACAQ&amp;sid=b55f5db9f774e5a52fd9ac00efa6d471&amp;all_sr_blocks=1124086701_385137782_4_0_0;checkin=2024-01-10;checkout=2024-01-12;dest_id=11240867;dest_type=hotel;dist=0;group_adults=4;group_children=0;hapos=1;highlighted_blocks=1124086701_385137782_4_0_0;hpos=1;matching_block_id=1124086701_385137782_4_0_0;no_rooms=1;req_adults=4;req_children=0;room1=A%2CA%2CA%2CA;sb_price_type=total;sr_order=popularity;sr_pri_blocks=1124086701_385137782_4_0_0__47560;srepoch=1702911547;srpvid=edf7695878af0091;type=total;ucfs=1&amp;#hotelTmpl\"><strong>Booking<\/strong><\/a> .<\/p>\t\t\t\t\t\t\t\t<\/div>\n\t\t\t\t<\/div>\n\t\t\t\t\t<\/div>\n\t\t\t\t<\/div>\n\t\t<div class=\"elementor-element elementor-element-13390fd e-flex e-con-boxed e-con e-parent\" data-id=\"13390fd\" data-element_type=\"container\">\n\t\t\t\t\t<div class=\"e-con-inner\">\n\t\t\t\t<div class=\"elementor-element elementor-element-3f27bc6 elementor-widget elementor-widget-heading\" data-id=\"3f27bc6\" data-element_type=\"widget\" data-widget_type=\"heading.default\">\n\t\t\t\t<div class=\"elementor-widget-container\">\n\t\t\t\t\t<h3 class=\"elementor-heading-title elementor-size-default\"><a href=\"https:\/\/www.booking.com\/hotel\/si\/radovna-chalet-with-panoramic-view.sl.html?aid=304142&#038;label=gen173nr-1FCAEoggI46AdIM1gEaMsBiAEBmAEjuAEYyAEM2AEB6AEB-AEMiAIBqAIEuAKAvIGsBsACAdICJGYzMzlhN2EyLTNlNWItNDcwZi04NjNmLWNlMWM4ZWRlM2NhONgCBuACAQ&#038;sid=b55f5db9f774e5a52fd9ac00efa6d471&#038;all_sr_blocks=1124086701_385137782_4_0_0;checkin=2024-01-10;checkout=2024-01-12;dest_id=11240867;dest_type=hotel;dist=0;group_adults=4;group_children=0;hapos=1;highlighted_blocks=1124086701_385137782_4_0_0;hpos=1;matching_block_id=1124086701_385137782_4_0_0;no_rooms=1;req_adults=4;req_children=0;room1=A%2CA%2CA%2CA;sb_price_type=total;sr_order=popularity;sr_pri_blocks=1124086701_385137782_4_0_0__47560;srepoch=1702911547;srpvid=edf7695878af0091;type=total;ucfs=1&#038;#hotelTmpl\">Click for reservation\n<\/a><\/h3>\t\t\t\t<\/div>\n\t\t\t\t<\/div>\n\t\t\t\t<div class=\"elementor-element elementor-element-3a46c95 elementor-view-default elementor-widget elementor-widget-icon\" data-id=\"3a46c95\" data-element_type=\"widget\" data-widget_type=\"icon.default\">\n\t\t\t\t<div class=\"elementor-widget-container\">\n\t\t\t\t\t\t\t<div class=\"elementor-icon-wrapper\">\n\t\t\t<a class=\"elementor-icon\" href=\"https:\/\/www.booking.com\/hotel\/si\/radovna-chalet-with-panoramic-view.sl.html?aid=304142&#038;label=gen173nr-1FCAEoggI46AdIM1gEaMsBiAEBmAEjuAEYyAEM2AEB6AEB-AEMiAIBqAIEuAKAvIGsBsACAdICJGYzMzlhN2EyLTNlNWItNDcwZi04NjNmLWNlMWM4ZWRlM2NhONgCBuACAQ&#038;sid=b55f5db9f774e5a52fd9ac00efa6d471&#038;all_sr_blocks=1124086701_385137782_4_0_0;checkin=2024-01-10;checkout=2024-01-12;dest_id=11240867;dest_type=hotel;dist=0;group_adults=4;group_children=0;hapos=1;highlighted_blocks=1124086701_385137782_4_0_0;hpos=1;matching_block_id=1124086701_385137782_4_0_0;no_rooms=1;req_adults=4;req_children=0;room1=A%2CA%2CA%2CA;sb_price_type=total;sr_order=popularity;sr_pri_blocks=1124086701_385137782_4_0_0__47560;srepoch=1702911547;srpvid=edf7695878af0091;type=total;ucfs=1&#038;#hotelTmpl\">\n\t\t\t<svg aria-hidden=\"true\" class=\"e-font-icon-svg e-fas-angle-down\" viewbox=\"0 0 320 512\" xmlns=\"http:\/\/www.w3.org\/2000\/svg\"><path d=\"M143 352.3L7 216.3c-9.4-9.4-9.4-24.6 0-33.9l22.6-22.6c9.4-9.4 24.6-9.4 33.9 0l96.4 96.4 96.4-96.4c9.4-9.4 24.6-9.4 33.9 0l22.6 22.6c9.4 9.4 9.4 24.6 0 33.9l-136 136c-9.2 9.4-24.4 9.4-33.8 0z\"><\/path><\/svg>\t\t\t<\/a>\n\t\t<\/div>\n\t\t\t\t\t\t<\/div>\n\t\t\t\t<\/div>\n\t\t\t\t<div class=\"elementor-element elementor-element-8f5fcef elementor-view-default elementor-widget elementor-widget-icon\" data-id=\"8f5fcef\" data-element_type=\"widget\" data-widget_type=\"icon.default\">\n\t\t\t\t<div class=\"elementor-widget-container\">\n\t\t\t\t\t\t\t<div class=\"elementor-icon-wrapper\">\n\t\t\t<a class=\"elementor-icon\" href=\"https:\/\/www.booking.com\/hotel\/si\/radovna-chalet-with-panoramic-view.sl.html?aid=304142&#038;label=gen173nr-1FCAEoggI46AdIM1gEaMsBiAEBmAEjuAEYyAEM2AEB6AEB-AEMiAIBqAIEuAKAvIGsBsACAdICJGYzMzlhN2EyLTNlNWItNDcwZi04NjNmLWNlMWM4ZWRlM2NhONgCBuACAQ&#038;sid=b55f5db9f774e5a52fd9ac00efa6d471&#038;all_sr_blocks=1124086701_385137782_4_0_0;checkin=2024-01-10;checkout=2024-01-12;dest_id=11240867;dest_type=hotel;dist=0;group_adults=4;group_children=0;hapos=1;highlighted_blocks=1124086701_385137782_4_0_0;hpos=1;matching_block_id=1124086701_385137782_4_0_0;no_rooms=1;req_adults=4;req_children=0;room1=A%2CA%2CA%2CA;sb_price_type=total;sr_order=popularity;sr_pri_blocks=1124086701_385137782_4_0_0__47560;srepoch=1702911547;srpvid=edf7695878af0091;type=total;ucfs=1&#038;#hotelTmpl\">\n\t\t\t<svg aria-hidden=\"true\" class=\"e-font-icon-svg e-far-calendar-alt\" viewbox=\"0 0 448 512\" xmlns=\"http:\/\/www.w3.org\/2000\/svg\"><path d=\"M148 288h-40c-6.6 0-12-5.4-12-12v-40c0-6.6 5.4-12 12-12h40c6.6 0 12 5.4 12 12v40c0 6.6-5.4 12-12 12zm108-12v-40c0-6.6-5.4-12-12-12h-40c-6.6 0-12 5.4-12 12v40c0 6.6 5.4 12 12 12h40c6.6 0 12-5.4 12-12zm96 0v-40c0-6.6-5.4-12-12-12h-40c-6.6 0-12 5.4-12 12v40c0 6.6 5.4 12 12 12h40c6.6 0 12-5.4 12-12zm-96 96v-40c0-6.6-5.4-12-12-12h-40c-6.6 0-12 5.4-12 12v40c0 6.6 5.4 12 12 12h40c6.6 0 12-5.4 12-12zm-96 0v-40c0-6.6-5.4-12-12-12h-40c-6.6 0-12 5.4-12 12v40c0 6.6 5.4 12 12 12h40c6.6 0 12-5.4 12-12zm192 0v-40c0-6.6-5.4-12-12-12h-40c-6.6 0-12 5.4-12 12v40c0 6.6 5.4 12 12 12h40c6.6 0 12-5.4 12-12zm96-260v352c0 26.5-21.5 48-48 48H48c-26.5 0-48-21.5-48-48V112c0-26.5 21.5-48 48-48h48V12c0-6.6 5.4-12 12-12h40c6.6 0 12 5.4 12 12v52h128V12c0-6.6 5.4-12 12-12h40c6.6 0 12 5.4 12 12v52h48c26.5 0 48 21.5 48 48zm-48 346V160H48v298c0 3.3 2.7 6 6 6h340c3.3 0 6-2.7 6-6z\"><\/path><\/svg>\t\t\t<\/a>\n\t\t<\/div>\n\t\t\t\t\t\t<\/div>\n\t\t\t\t<\/div>\n\t\t\t\t<div class=\"elementor-element elementor-element-5f2dc55 elementor-widget elementor-widget-text-editor\" data-id=\"5f2dc55\" data-element_type=\"widget\" data-widget_type=\"text-editor.default\">\n\t\t\t\t<div class=\"elementor-widget-container\">\n\t\t\t\t\t\t\t\t\t<p><a href=\"https:\/\/radovnachalet.com\/en\/kontakt-radovna-chalet\/\">For more information, we are at your disposal\u00a0<\/a><\/p>\t\t\t\t\t\t\t\t<\/div>\n\t\t\t\t<\/div>\n\t\t\t\t\t<\/div>\n\t\t\t\t<\/div>\n\t\t\t\t<\/div>","protected":false},"excerpt":{"rendered":"<p>Razpolo\u017eljivost in rezervacije Za rezervacijo nas lahko kontaktirate preko\u00a0 E-mail naslova : radovnachalet@gmail.com (Telefon: +386 40 751 208) _______________&amp;________________ Razpolo\u017eljivost in rezervacijo pa lahko preverite\/opravite tudi preko Booking spletne strani Klikni za rezervacijo Za ve\u010d informacij smo vam na voljo\u00a0<\/p>","protected":false},"author":1,"featured_media":0,"parent":0,"menu_order":0,"comment_status":"closed","ping_status":"closed","template":"","meta":{"footnotes":""},"class_list":["post-314","page","type-page","status-publish","hentry"],"aioseo_notices":[],"yoast_head":"<!-- This site is optimized with the Yoast SEO plugin v26.2 - https:\/\/yoast.com\/wordpress\/plugins\/seo\/ -->\n<title>Rezervacija | Lesena hi\u0161ka Radovna Chalet, Kranjska Gora, Radovna<\/title>\n<meta name=\"description\" content=\"Privo\u0161\u010dite si oddih v leseni hi\u0161ki Radovna Chalet v okolici Kranjske Gore s panaromaskim razgledom v obmo\u010dju TNP-ja\" \/>\n<meta name=\"robots\" content=\"index, follow, max-snippet:-1, max-image-preview:large, max-video-preview:-1\" \/>\n<link rel=\"canonical\" href=\"https:\/\/radovnachalet.com\/en\/rezervacija-booking\/\" \/>\n<meta property=\"og:locale\" content=\"en_GB\" \/>\n<meta property=\"og:type\" content=\"article\" \/>\n<meta property=\"og:title\" content=\"Rezervacija | Lesena hi\u0161ka Radovna Chalet, Kranjska Gora, Radovna\" \/>\n<meta property=\"og:description\" content=\"Privo\u0161\u010dite si oddih v leseni hi\u0161ki Radovna Chalet v okolici Kranjske Gore s panaromaskim razgledom v obmo\u010dju TNP-ja\" \/>\n<meta property=\"og:url\" content=\"https:\/\/radovnachalet.com\/en\/rezervacija-booking\/\" \/>\n<meta property=\"article:modified_time\" content=\"2025-08-03T09:15:32+00:00\" \/>\n<meta name=\"twitter:card\" content=\"summary_large_image\" \/>\n<meta name=\"twitter:label1\" content=\"Estimated reading time\" \/>\n\t<meta name=\"twitter:data1\" content=\"1 minute\" \/>\n<script type=\"application\/ld+json\" class=\"yoast-schema-graph\">{\"@context\":\"https:\/\/schema.org\",\"@graph\":[{\"@type\":\"WebPage\",\"@id\":\"https:\/\/radovnachalet.com\/rezervacija-booking\/\",\"url\":\"https:\/\/radovnachalet.com\/rezervacija-booking\/\",\"name\":\"Rezervacija | Lesena hi\u0161ka Radovna Chalet, Kranjska Gora, Radovna\",\"isPartOf\":{\"@id\":\"https:\/\/radovnachalet.com\/#website\"},\"datePublished\":\"2023-06-19T09:48:21+00:00\",\"dateModified\":\"2025-08-03T09:15:32+00:00\",\"description\":\"Privo\u0161\u010dite si oddih v leseni hi\u0161ki Radovna Chalet v okolici Kranjske Gore s panaromaskim razgledom v obmo\u010dju TNP-ja\",\"breadcrumb\":{\"@id\":\"https:\/\/radovnachalet.com\/rezervacija-booking\/#breadcrumb\"},\"inLanguage\":\"en-GB\",\"potentialAction\":[{\"@type\":\"ReadAction\",\"target\":[\"https:\/\/radovnachalet.com\/rezervacija-booking\/\"]}]},{\"@type\":\"BreadcrumbList\",\"@id\":\"https:\/\/radovnachalet.com\/rezervacija-booking\/#breadcrumb\",\"itemListElement\":[{\"@type\":\"ListItem\",\"position\":1,\"name\":\"Home\",\"item\":\"https:\/\/radovnachalet.com\/\"},{\"@type\":\"ListItem\",\"position\":2,\"name\":\"Rezervacija\"}]},{\"@type\":\"WebSite\",\"@id\":\"https:\/\/radovnachalet.com\/#website\",\"url\":\"https:\/\/radovnachalet.com\/\",\"name\":\"www.radovnachalet.com\",\"description\":\"radovna chalet\",\"publisher\":{\"@id\":\"https:\/\/radovnachalet.com\/#\/schema\/person\/6203514a01c980549b6dc159e0728ee0\"},\"alternateName\":\"RadovnaChalet\",\"potentialAction\":[{\"@type\":\"SearchAction\",\"target\":{\"@type\":\"EntryPoint\",\"urlTemplate\":\"https:\/\/radovnachalet.com\/?s={search_term_string}\"},\"query-input\":{\"@type\":\"PropertyValueSpecification\",\"valueRequired\":true,\"valueName\":\"search_term_string\"}}],\"inLanguage\":\"en-GB\"},{\"@type\":[\"Person\",\"Organization\"],\"@id\":\"https:\/\/radovnachalet.com\/#\/schema\/person\/6203514a01c980549b6dc159e0728ee0\",\"name\":\"radovna\",\"image\":{\"@type\":\"ImageObject\",\"inLanguage\":\"en-GB\",\"@id\":\"https:\/\/radovnachalet.com\/#\/schema\/person\/image\/\",\"url\":\"https:\/\/secure.gravatar.com\/avatar\/636f780545178e827891a344d9056b0ef697c235aabadc8fb6c6bb8a18b575c9?s=96&d=mm&r=g\",\"contentUrl\":\"https:\/\/secure.gravatar.com\/avatar\/636f780545178e827891a344d9056b0ef697c235aabadc8fb6c6bb8a18b575c9?s=96&d=mm&r=g\",\"caption\":\"radovna\"},\"logo\":{\"@id\":\"https:\/\/radovnachalet.com\/#\/schema\/person\/image\/\"},\"sameAs\":[\"https:\/\/radovnachalet.com\"]}]}<\/script>\n<!-- \/ Yoast SEO plugin. -->","yoast_head_json":{"title":"Rezervacija | Lesena hi\u0161ka Radovna Chalet, Kranjska Gora, Radovna","description":"Privo\u0161\u010dite si oddih v leseni hi\u0161ki Radovna Chalet v okolici Kranjske Gore s panaromaskim razgledom v obmo\u010dju TNP-ja","robots":{"index":"index","follow":"follow","max-snippet":"max-snippet:-1","max-image-preview":"max-image-preview:large","max-video-preview":"max-video-preview:-1"},"canonical":"https:\/\/radovnachalet.com\/en\/rezervacija-booking\/","og_locale":"en_GB","og_type":"article","og_title":"Rezervacija | Lesena hi\u0161ka Radovna Chalet, Kranjska Gora, Radovna","og_description":"Privo\u0161\u010dite si oddih v leseni hi\u0161ki Radovna Chalet v okolici Kranjske Gore s panaromaskim razgledom v obmo\u010dju TNP-ja","og_url":"https:\/\/radovnachalet.com\/en\/rezervacija-booking\/","article_modified_time":"2025-08-03T09:15:32+00:00","twitter_card":"summary_large_image","twitter_misc":{"Estimated reading time":"1 minute"},"schema":{"@context":"https:\/\/schema.org","@graph":[{"@type":"WebPage","@id":"https:\/\/radovnachalet.com\/rezervacija-booking\/","url":"https:\/\/radovnachalet.com\/rezervacija-booking\/","name":"Rezervacija | Lesena hi\u0161ka Radovna Chalet, Kranjska Gora, Radovna","isPartOf":{"@id":"https:\/\/radovnachalet.com\/#website"},"datePublished":"2023-06-19T09:48:21+00:00","dateModified":"2025-08-03T09:15:32+00:00","description":"Privo\u0161\u010dite si oddih v leseni hi\u0161ki Radovna Chalet v okolici Kranjske Gore s panaromaskim razgledom v obmo\u010dju TNP-ja","breadcrumb":{"@id":"https:\/\/radovnachalet.com\/rezervacija-booking\/#breadcrumb"},"inLanguage":"en-GB","potentialAction":[{"@type":"ReadAction","target":["https:\/\/radovnachalet.com\/rezervacija-booking\/"]}]},{"@type":"BreadcrumbList","@id":"https:\/\/radovnachalet.com\/rezervacija-booking\/#breadcrumb","itemListElement":[{"@type":"ListItem","position":1,"name":"Home","item":"https:\/\/radovnachalet.com\/"},{"@type":"ListItem","position":2,"name":"Rezervacija"}]},{"@type":"WebSite","@id":"https:\/\/radovnachalet.com\/#website","url":"https:\/\/radovnachalet.com\/","name":"www.radovnachalet.com","description":"radovna chalet","publisher":{"@id":"https:\/\/radovnachalet.com\/#\/schema\/person\/6203514a01c980549b6dc159e0728ee0"},"alternateName":"RadovnaChalet","potentialAction":[{"@type":"SearchAction","target":{"@type":"EntryPoint","urlTemplate":"https:\/\/radovnachalet.com\/?s={search_term_string}"},"query-input":{"@type":"PropertyValueSpecification","valueRequired":true,"valueName":"search_term_string"}}],"inLanguage":"en-GB"},{"@type":["Person","Organization"],"@id":"https:\/\/radovnachalet.com\/#\/schema\/person\/6203514a01c980549b6dc159e0728ee0","name":"radovna","image":{"@type":"ImageObject","inLanguage":"en-GB","@id":"https:\/\/radovnachalet.com\/#\/schema\/person\/image\/","url":"https:\/\/secure.gravatar.com\/avatar\/636f780545178e827891a344d9056b0ef697c235aabadc8fb6c6bb8a18b575c9?s=96&d=mm&r=g","contentUrl":"https:\/\/secure.gravatar.com\/avatar\/636f780545178e827891a344d9056b0ef697c235aabadc8fb6c6bb8a18b575c9?s=96&d=mm&r=g","caption":"radovna"},"logo":{"@id":"https:\/\/radovnachalet.com\/#\/schema\/person\/image\/"},"sameAs":["https:\/\/radovnachalet.com"]}]}},"_links":{"self":[{"href":"https:\/\/radovnachalet.com\/en\/wp-json\/wp\/v2\/pages\/314","targetHints":{"allow":["GET"]}}],"collection":[{"href":"https:\/\/radovnachalet.com\/en\/wp-json\/wp\/v2\/pages"}],"about":[{"href":"https:\/\/radovnachalet.com\/en\/wp-json\/wp\/v2\/types\/page"}],"author":[{"embeddable":true,"href":"https:\/\/radovnachalet.com\/en\/wp-json\/wp\/v2\/users\/1"}],"replies":[{"embeddable":true,"href":"https:\/\/radovnachalet.com\/en\/wp-json\/wp\/v2\/comments?post=314"}],"version-history":[{"count":99,"href":"https:\/\/radovnachalet.com\/en\/wp-json\/wp\/v2\/pages\/314\/revisions"}],"predecessor-version":[{"id":2687,"href":"https:\/\/radovnachalet.com\/en\/wp-json\/wp\/v2\/pages\/314\/revisions\/2687"}],"wp:attachment":[{"href":"https:\/\/radovnachalet.com\/en\/wp-json\/wp\/v2\/media?parent=314"}],"curies":[{"name":"wp","href":"https:\/\/api.w.org\/{rel}","templated":true}]}}