{"id":1504,"date":"2023-09-13T13:02:05","date_gmt":"2023-09-13T13:02:05","guid":{"rendered":"https:\/\/radovnachalet.com\/?page_id=1504"},"modified":"2023-12-12T20:09:28","modified_gmt":"2023-12-12T20:09:28","slug":"macesnov-liker","status":"publish","type":"page","link":"https:\/\/radovnachalet.com\/en\/macesnov-liker\/","title":{"rendered":"Larch Liqueur"},"content":{"rendered":"<div data-elementor-type=\"wp-page\" data-elementor-id=\"1504\" class=\"elementor elementor-1504\" data-elementor-post-type=\"page\">\n\t\t\t\t<div class=\"elementor-element elementor-element-81ada87 e-flex e-con-boxed e-con e-parent\" data-id=\"81ada87\" data-element_type=\"container\" data-settings=\"{&quot;background_background&quot;:&quot;classic&quot;}\">\n\t\t\t\t\t<div class=\"e-con-inner\">\n\t\t\t\t<div class=\"elementor-element elementor-element-4ec5f70 elementor-widget elementor-widget-heading\" data-id=\"4ec5f70\" data-element_type=\"widget\" data-widget_type=\"heading.default\">\n\t\t\t\t<div class=\"elementor-widget-container\">\n\t\t\t\t\t<h2 class=\"elementor-heading-title elementor-size-default\">Larch Liqueur<\/h2>\t\t\t\t<\/div>\n\t\t\t\t<\/div>\n\t\t\t\t\t<\/div>\n\t\t\t\t<\/div>\n\t\t<div class=\"elementor-element elementor-element-5ad55b2 e-flex e-con-boxed e-con e-parent\" data-id=\"5ad55b2\" data-element_type=\"container\">\n\t\t\t\t\t<div class=\"e-con-inner\">\n\t\t<div class=\"elementor-element elementor-element-ad0155f e-con-full e-flex e-con e-child\" data-id=\"ad0155f\" data-element_type=\"container\">\n\t\t\t\t<div class=\"elementor-element elementor-element-9f3b534 elementor-widget elementor-widget-heading\" data-id=\"9f3b534\" data-element_type=\"widget\" data-widget_type=\"heading.default\">\n\t\t\t\t<div class=\"elementor-widget-container\">\n\t\t\t\t\t<h2 class=\"elementor-heading-title elementor-size-default\">Discover the magic of Larch Liqueur<\/h2>\t\t\t\t<\/div>\n\t\t\t\t<\/div>\n\t\t\t\t<div class=\"elementor-element elementor-element-3160732 elementor-widget elementor-widget-text-editor\" data-id=\"3160732\" data-element_type=\"widget\" data-widget_type=\"text-editor.default\">\n\t\t\t\t<div class=\"elementor-widget-container\">\n\t\t\t\t\t\t\t\t\t<p>Larch Liqueur has a special character and aroma, which is why we classify it among the most unique liqueurs. <em><strong>edinstvene likerje.<\/strong><\/em><\/p><p>The unique taste of the liqueur is inspired by larch cones and larch resin, which are harvested at a specific time and at a certain altitude. It comes from a type of larch that only grows in this part of Europe.<\/p><p>Macesnova smola ima zdravilne u\u010dinke, uporablja se pri zdravljenju plju\u010dnih bolezni in bolezni mehurja. Mlade macesnove vr\u0161i\u010dke pa uporabimo tudi za izdelavo sirupa, ki pomaga pri izka\u0161ljevanju in odpira dihalne poti.\u00a0<\/p><p><strong>Larch Liqueur<\/strong><br \/>20% vol<br \/>Bottle 250ml\u00a0<br \/>Made in a local domestic distillery (Slovenia)<\/p>\t\t\t\t\t\t\t\t<\/div>\n\t\t\t\t<\/div>\n\t\t\t\t<\/div>\n\t\t<div class=\"elementor-element elementor-element-8a48d0f e-con-full e-flex e-con e-child\" data-id=\"8a48d0f\" data-element_type=\"container\" data-settings=\"{&quot;background_background&quot;:&quot;classic&quot;}\">\n\t\t\t\t<div class=\"elementor-element elementor-element-bb6baed elementor--h-position-center elementor--v-position-middle elementor-arrows-position-inside elementor-pagination-position-inside elementor-widget elementor-widget-slides\" data-id=\"bb6baed\" data-element_type=\"widget\" data-settings=\"{&quot;navigation&quot;:&quot;both&quot;,&quot;autoplay&quot;:&quot;yes&quot;,&quot;pause_on_hover&quot;:&quot;yes&quot;,&quot;pause_on_interaction&quot;:&quot;yes&quot;,&quot;autoplay_speed&quot;:5000,&quot;infinite&quot;:&quot;yes&quot;,&quot;transition&quot;:&quot;slide&quot;,&quot;transition_speed&quot;:500}\" data-widget_type=\"slides.default\">\n\t\t\t\t<div class=\"elementor-widget-container\">\n\t\t\t\t\t\t\t\t\t<div class=\"elementor-swiper\">\n\t\t\t\t\t<div class=\"elementor-slides-wrapper elementor-main-swiper swiper\" role=\"region\" aria-roledescription=\"carousel\" aria-label=\"Slides\" dir=\"ltr\" data-animation=\"fadeInUp\">\n\t\t\t\t<div class=\"swiper-wrapper elementor-slides\">\n\t\t\t\t\t\t\t\t\t\t<div class=\"elementor-repeater-item-a164537 swiper-slide\" role=\"group\" aria-roledescription=\"slide\"><div class=\"swiper-slide-bg\" role=\"img\" aria-label=\"Macesnov liker_Radovna_Radovna Chalet\"><\/div><div class=\"swiper-slide-inner\" ><div class=\"swiper-slide-contents\"><\/div><\/div><\/div><div class=\"elementor-repeater-item-80b267b swiper-slide\" role=\"group\" aria-roledescription=\"slide\"><div class=\"swiper-slide-bg\" role=\"img\" aria-label=\"Macesnov liker_Radovna_Radovna Chalet_3\"><\/div><div class=\"swiper-slide-inner\" ><div class=\"swiper-slide-contents\"><\/div><\/div><\/div><div class=\"elementor-repeater-item-8b37592 swiper-slide\" role=\"group\" aria-roledescription=\"slide\"><div class=\"swiper-slide-bg\" role=\"img\" aria-label=\"Macesnov_liker_radovna_chalet\"><\/div><div class=\"swiper-slide-inner\" ><div class=\"swiper-slide-contents\"><\/div><\/div><\/div><div class=\"elementor-repeater-item-6143e09 swiper-slide\" role=\"group\" aria-roledescription=\"slide\"><div class=\"swiper-slide-bg\" role=\"img\" aria-label=\"Macesnov liker_Radovna_Radovna Chalet_6\"><\/div><div class=\"swiper-slide-inner\" ><div class=\"swiper-slide-contents\"><\/div><\/div><\/div>\t\t\t\t<\/div>\n\t\t\t\t\t\t\t\t\t\t\t\t\t\t\t<div class=\"elementor-swiper-button elementor-swiper-button-prev\" role=\"button\" tabindex=\"0\" aria-label=\"Previous slide\">\n\t\t\t\t\t\t\t<svg aria-hidden=\"true\" class=\"e-font-icon-svg e-eicon-chevron-left\" viewbox=\"0 0 1000 1000\" xmlns=\"http:\/\/www.w3.org\/2000\/svg\"><path d=\"M646 125C629 125 613 133 604 142L308 442C296 454 292 471 292 487 292 504 296 521 308 533L604 854C617 867 629 875 646 875 663 875 679 871 692 858 704 846 713 829 713 812 713 796 708 779 692 767L438 487 692 225C700 217 708 204 708 187 708 171 704 154 692 142 675 129 663 125 646 125Z\"><\/path><\/svg>\t\t\t\t\t\t<\/div>\n\t\t\t\t\t\t<div class=\"elementor-swiper-button elementor-swiper-button-next\" role=\"button\" tabindex=\"0\" aria-label=\"Next slide\">\n\t\t\t\t\t\t\t<svg aria-hidden=\"true\" class=\"e-font-icon-svg e-eicon-chevron-right\" viewbox=\"0 0 1000 1000\" xmlns=\"http:\/\/www.w3.org\/2000\/svg\"><path d=\"M696 533C708 521 713 504 713 487 713 471 708 454 696 446L400 146C388 133 375 125 354 125 338 125 325 129 313 142 300 154 292 171 292 187 292 204 296 221 308 233L563 492 304 771C292 783 288 800 288 817 288 833 296 850 308 863 321 871 338 875 354 875 371 875 388 867 400 854L696 533Z\"><\/path><\/svg>\t\t\t\t\t\t<\/div>\n\t\t\t\t\t\t\t\t\t\t\t\t\t\t\t\t<div class=\"swiper-pagination\"><\/div>\n\t\t\t\t\t\t\t\t\t\t\t\t<\/div>\n\t\t\t\t<\/div>\n\t\t\t\t\t\t\t\t<\/div>\n\t\t\t\t<\/div>\n\t\t\t\t<\/div>\n\t\t\t\t\t<\/div>\n\t\t\t\t<\/div>\n\t\t<div class=\"elementor-element elementor-element-0fb97a4 e-flex e-con-boxed e-con e-parent\" data-id=\"0fb97a4\" data-element_type=\"container\">\n\t\t\t\t\t<div class=\"e-con-inner\">\n\t\t\t\t<div class=\"elementor-element elementor-element-f641631 elementor-blockquote--skin-quotation elementor-blockquote--align-center elementor-widget elementor-widget-blockquote\" data-id=\"f641631\" data-element_type=\"widget\" data-widget_type=\"blockquote.default\">\n\t\t\t\t<div class=\"elementor-widget-container\">\n\t\t\t\t\t\t\t<blockquote class=\"elementor-blockquote\">\n\t\t\t<p class=\"elementor-blockquote__content\">\n\t\t\t\t\"Stories say that larch forests are the home of woodland fairies. It is believed to be used as a talisman to prevent fire due to its resistance, and it is said to even thwart fire from penetrating its wood.\n\nIt is also said to help people who feel inferior and lack self-confidence.\"\t\t\t<\/p>\n\t\t\t\t\t\t\t<div class=\"e-q-footer\">\n\t\t\t\t\t\t\t\t\t\t\t<cite class=\"elementor-blockquote__author\">Woody<\/cite>\n\t\t\t\t\t\t\t\t\t\t\t\t\t\t<\/div>\n\t\t\t\t\t<\/blockquote>\n\t\t\t\t\t\t<\/div>\n\t\t\t\t<\/div>\n\t\t\t\t\t<\/div>\n\t\t\t\t<\/div>\n\t\t<div class=\"elementor-element elementor-element-b96d349 e-flex e-con-boxed e-con e-parent\" data-id=\"b96d349\" data-element_type=\"container\">\n\t\t\t\t\t<div class=\"e-con-inner\">\n\t\t<div class=\"elementor-element elementor-element-8e6138d e-con-full e-flex e-con e-child\" data-id=\"8e6138d\" data-element_type=\"container\">\n\t\t\t\t<div class=\"elementor-element elementor-element-cda08f0 elementor-widget elementor-widget-price-table\" data-id=\"cda08f0\" data-element_type=\"widget\" data-widget_type=\"price-table.default\">\n\t\t\t\t<div class=\"elementor-widget-container\">\n\t\t\t\t\t\n\t\t<div class=\"elementor-price-table\">\n\t\t\t\t\t\t\t<div class=\"elementor-price-table__header\">\n\t\t\t\t\t\t\t\t\t\t\t<h3 class=\"elementor-price-table__heading\">\n\t\t\t\t\t\tLarch Liqueur\t\t\t\t\t\t<\/h3>\n\t\t\t\t\t\n\t\t\t\t\t\t\t\t\t\t\t<span class=\"elementor-price-table__subheading\">\n\t\t\t\t\t\t\t20% vol 250 ml\t\t\t\t\t\t<\/span>\n\t\t\t\t\t\t\t\t\t<\/div>\n\t\t\t\n\t\t\t<div class=\"elementor-price-table__price\">\n\t\t\t\t\t\t\t\t<span class=\"elementor-price-table__currency\">&#128;<\/span>\t\t\t\t\t\t\t\t\t<span class=\"elementor-price-table__integer-part\">\n\t\t\t\t\t\t15.00\t\t\t\t\t<\/span>\n\t\t\t\t\n\t\t\t\t\n\t\t\t\t\n\t\t\t\t\t\t\t<\/div>\n\n\t\t\t\t\t\t\t<ul class=\"elementor-price-table__features-list\">\n\t\t\t\t\t\t\t\t\t\t\t<li class=\"elementor-repeater-item-961f46e\">\n\t\t\t\t\t\t\t<div class=\"elementor-price-table__feature-inner\">\n\t\t\t\t\t\t\t\t\t\t\t\t\t\t\t\t\t\t\t\t\t\t\t\t\t<span >\n\t\t\t\t\t\t\t\t\t\t1x bottle\t\t\t\t\t\t\t\t\t<\/span>\n\t\t\t\t\t\t\t\t\t\t\t\t\t\t\t\t<\/div>\n\t\t\t\t\t\t<\/li>\n\t\t\t\t\t\t\t\t\t<\/ul>\n\t\t\t\n\t\t\t\t\t<\/div>\n\n\t\t\t\t\t\t<\/div>\n\t\t\t\t<\/div>\n\t\t\t\t<div class=\"elementor-element elementor-element-e1b911e elementor-widget elementor-widget-text-editor\" data-id=\"e1b911e\" data-element_type=\"widget\" data-widget_type=\"text-editor.default\">\n\t\t\t\t<div class=\"elementor-widget-container\">\n\t\t\t\t\t\t\t\t\t<p>To order Larch Liqueur, please contact us through the form below<\/p>\t\t\t\t\t\t\t\t<\/div>\n\t\t\t\t<\/div>\n\t\t\t\t<div class=\"elementor-element elementor-element-c60a435 elementor-button-align-center elementor-widget elementor-widget-form\" data-id=\"c60a435\" data-element_type=\"widget\" data-settings=\"{&quot;step_next_label&quot;:&quot;Next&quot;,&quot;step_previous_label&quot;:&quot;Previous&quot;,&quot;step_type&quot;:&quot;text&quot;,&quot;button_width&quot;:&quot;100&quot;}\" data-widget_type=\"form.default\">\n\t\t\t\t<div class=\"elementor-widget-container\">\n\t\t\t\t\t\t\t<form class=\"elementor-form\" method=\"post\" name=\"New Form\" aria-label=\"New Form\" action=\"\">\n\t\t\t<input type=\"hidden\" name=\"post_id\" value=\"1504\"\/>\n\t\t\t<input type=\"hidden\" name=\"form_id\" value=\"c60a435\"\/>\n\t\t\t<input type=\"hidden\" name=\"referer_title\" value=\"Macesnov Liker -\" \/>\n\n\t\t\t\t\t\t\t<input type=\"hidden\" name=\"queried_id\" value=\"1504\"\/>\n\t\t\t\n\t\t\t<div class=\"elementor-form-fields-wrapper elementor-labels-above\">\n\t\t\t\t\t\t\t\t<div class=\"elementor-field-type-text elementor-field-group elementor-column elementor-field-group-name elementor-col-100 elementor-field-required elementor-mark-required\">\n\t\t\t\t\t\t\t\t\t\t\t\t<label for=\"form-field-name\" class=\"elementor-field-label\">\n\t\t\t\t\t\t\t\tName and Surname\t\t\t\t\t\t\t<\/label>\n\t\t\t\t\t\t\t\t\t\t\t\t\t\t<input size=\"1\" type=\"text\" name=\"form_fields[name]\" id=\"form-field-name\" class=\"elementor-field elementor-size-sm  elementor-field-textual\" required=\"required\">\n\t\t\t\t\t\t\t\t\t\t\t<\/div>\n\t\t\t\t\t\t\t\t<div class=\"elementor-field-type-email elementor-field-group elementor-column elementor-field-group-email elementor-col-100 elementor-field-required elementor-mark-required\">\n\t\t\t\t\t\t\t\t\t\t\t\t<label for=\"form-field-email\" class=\"elementor-field-label\">\n\t\t\t\t\t\t\t\tEmail\t\t\t\t\t\t\t<\/label>\n\t\t\t\t\t\t\t\t\t\t\t\t\t\t<input size=\"1\" type=\"email\" name=\"form_fields[email]\" id=\"form-field-email\" class=\"elementor-field elementor-size-sm  elementor-field-textual\" placeholder=\"Email\" required=\"required\">\n\t\t\t\t\t\t\t\t\t\t\t<\/div>\n\t\t\t\t\t\t\t\t<div class=\"elementor-field-type-text elementor-field-group elementor-column elementor-field-group-field_051d44c elementor-col-100\">\n\t\t\t\t\t\t\t\t\t\t\t\t<label for=\"form-field-field_051d44c\" class=\"elementor-field-label\">\n\t\t\t\t\t\t\t\tPhone\t\t\t\t\t\t\t<\/label>\n\t\t\t\t\t\t\t\t\t\t\t\t\t\t<input size=\"1\" type=\"text\" name=\"form_fields[field_051d44c]\" id=\"form-field-field_051d44c\" class=\"elementor-field elementor-size-sm  elementor-field-textual\" placeholder=\"Phone number\">\n\t\t\t\t\t\t\t\t\t\t\t<\/div>\n\t\t\t\t\t\t\t\t<div class=\"elementor-field-type-textarea elementor-field-group elementor-column elementor-field-group-message elementor-col-100 elementor-field-required elementor-mark-required\">\n\t\t\t\t\t\t\t\t\t\t\t\t<label for=\"form-field-message\" class=\"elementor-field-label\">\n\t\t\t\t\t\t\t\tAddress\t\t\t\t\t\t\t<\/label>\n\t\t\t\t\t\t<textarea class=\"elementor-field-textual elementor-field  elementor-size-sm\" name=\"form_fields[message]\" id=\"form-field-message\" rows=\"3\" placeholder=\"Addres, number, postcode, country\" required=\"required\"><\/textarea>\t\t\t\t<\/div>\n\t\t\t\t\t\t\t\t<div class=\"elementor-field-type-number elementor-field-group elementor-column elementor-field-group-field_4a8850c elementor-col-100 elementor-field-required elementor-mark-required\">\n\t\t\t\t\t\t\t\t\t\t\t\t<label for=\"form-field-field_4a8850c\" class=\"elementor-field-label\">\n\t\t\t\t\t\t\t\tQuantity\t\t\t\t\t\t\t<\/label>\n\t\t\t\t\t\t\t\t\t<input type=\"number\" name=\"form_fields[field_4a8850c]\" id=\"form-field-field_4a8850c\" class=\"elementor-field elementor-size-sm  elementor-field-textual\" placeholder=\"Quantity\" required=\"required\" min=\"1\" max=\"8\" >\n\t\t\t\t\t\t<\/div>\n\t\t\t\t\t\t\t\t<div class=\"elementor-field-group elementor-column elementor-field-type-submit elementor-col-100 e-form__buttons\">\n\t\t\t\t\t<button class=\"elementor-button elementor-size-sm\" type=\"submit\">\n\t\t\t\t\t\t<span class=\"elementor-button-content-wrapper\">\n\t\t\t\t\t\t\t\t\t\t\t\t\t\t\t\t\t\t\t\t\t\t<span class=\"elementor-button-text\">Send<\/span>\n\t\t\t\t\t\t\t\t\t\t\t\t\t<\/span>\n\t\t\t\t\t<\/button>\n\t\t\t\t<\/div>\n\t\t\t<\/div>\n\t\t<input type=\"hidden\" name=\"trp-form-language\" value=\"en\"\/><\/form>\n\t\t\t\t\t\t<\/div>\n\t\t\t\t<\/div>\n\t\t\t\t<div class=\"elementor-element elementor-element-aed09e7 elementor-widget elementor-widget-text-editor\" data-id=\"aed09e7\" data-element_type=\"widget\" data-widget_type=\"text-editor.default\">\n\t\t\t\t<div class=\"elementor-widget-container\">\n\t\t\t\t\t\t\t\t\t<p>After receiving your order, we will send you a proforma invoice to your email. Once the payment is completed, we will ship your order by mail. Pickup at our location is also possible.<\/p><p>\u00a0<\/p><p>For more information, you can contact us at the email address: info@radovnachalet.com<\/p>\t\t\t\t\t\t\t\t<\/div>\n\t\t\t\t<\/div>\n\t\t\t\t<\/div>\n\t\t\t\t\t<\/div>\n\t\t\t\t<\/div>\n\t\t\t\t<\/div>","protected":false},"excerpt":{"rendered":"<p>Macesnov Liker Odkrijte \u010darobnost Macesnovega Likerja Macesnov Liker ima poseben zna\u010daj in aromo, zato ga uvr\u0161\u010damo med najbolj edinstvene likerje. Edinstven okus likerja navdihujejo macesnovi stor\u017ei in macesnova smola, ki so nabrani ob specifi\u010dnem \u010dasu in na dolo\u010deni nadmorski vi\u0161ini. Gre za macesen, ki raste samo v tem delu Evrope. Macesnova smola ima zdravilne u\u010dinke, [&hellip;]<\/p>","protected":false},"author":1,"featured_media":0,"parent":0,"menu_order":0,"comment_status":"closed","ping_status":"closed","template":"","meta":{"footnotes":""},"class_list":["post-1504","page","type-page","status-publish","hentry"],"aioseo_notices":[],"yoast_head":"<!-- This site is optimized with the Yoast SEO plugin v26.2 - https:\/\/yoast.com\/wordpress\/plugins\/seo\/ -->\n<title>Macesnov Liker | Radovna Chalet, Kranjska Gora, Zgornja Radovna<\/title>\n<meta name=\"description\" content=\"Macesnov liker je ustvarjen iz izbranih sestavin, ki mu dajejo poseben zna\u010daj in aromo in zato ga uvr\u0161\u010damo med najbolj edinstvene likerje.\" \/>\n<meta name=\"robots\" content=\"index, follow, max-snippet:-1, max-image-preview:large, max-video-preview:-1\" \/>\n<link rel=\"canonical\" href=\"https:\/\/radovnachalet.com\/en\/macesnov-liker\/\" \/>\n<meta property=\"og:locale\" content=\"en_GB\" \/>\n<meta property=\"og:type\" content=\"article\" \/>\n<meta property=\"og:title\" content=\"Macesnov Liker | Radovna Chalet, Kranjska Gora, Zgornja Radovna\" \/>\n<meta property=\"og:description\" content=\"Macesnov liker je ustvarjen iz izbranih sestavin, ki mu dajejo poseben zna\u010daj in aromo in zato ga uvr\u0161\u010damo med najbolj edinstvene likerje.\" \/>\n<meta property=\"og:url\" content=\"https:\/\/radovnachalet.com\/en\/macesnov-liker\/\" \/>\n<meta property=\"article:modified_time\" content=\"2023-12-12T20:09:28+00:00\" \/>\n<meta name=\"twitter:card\" content=\"summary_large_image\" \/>\n<meta name=\"twitter:label1\" content=\"Estimated reading time\" \/>\n\t<meta name=\"twitter:data1\" content=\"1 minute\" \/>\n<script type=\"application\/ld+json\" class=\"yoast-schema-graph\">{\"@context\":\"https:\/\/schema.org\",\"@graph\":[{\"@type\":\"WebPage\",\"@id\":\"https:\/\/radovnachalet.com\/en\/macesnov-liker\/\",\"url\":\"https:\/\/radovnachalet.com\/en\/macesnov-liker\/\",\"name\":\"Macesnov Liker | Radovna Chalet, Kranjska Gora, Zgornja Radovna\",\"isPartOf\":{\"@id\":\"https:\/\/radovnachalet.com\/#website\"},\"datePublished\":\"2023-09-13T13:02:05+00:00\",\"dateModified\":\"2023-12-12T20:09:28+00:00\",\"description\":\"Macesnov liker je ustvarjen iz izbranih sestavin, ki mu dajejo poseben zna\u010daj in aromo in zato ga uvr\u0161\u010damo med najbolj edinstvene likerje.\",\"breadcrumb\":{\"@id\":\"https:\/\/radovnachalet.com\/en\/macesnov-liker\/#breadcrumb\"},\"inLanguage\":\"en-GB\",\"potentialAction\":[{\"@type\":\"ReadAction\",\"target\":[\"https:\/\/radovnachalet.com\/en\/macesnov-liker\/\"]}]},{\"@type\":\"BreadcrumbList\",\"@id\":\"https:\/\/radovnachalet.com\/en\/macesnov-liker\/#breadcrumb\",\"itemListElement\":[{\"@type\":\"ListItem\",\"position\":1,\"name\":\"Home\",\"item\":\"https:\/\/radovnachalet.com\/\"},{\"@type\":\"ListItem\",\"position\":2,\"name\":\"Macesnov Liker\"}]},{\"@type\":\"WebSite\",\"@id\":\"https:\/\/radovnachalet.com\/#website\",\"url\":\"https:\/\/radovnachalet.com\/\",\"name\":\"www.radovnachalet.com\",\"description\":\"radovna chalet\",\"publisher\":{\"@id\":\"https:\/\/radovnachalet.com\/#\/schema\/person\/6203514a01c980549b6dc159e0728ee0\"},\"alternateName\":\"RadovnaChalet\",\"potentialAction\":[{\"@type\":\"SearchAction\",\"target\":{\"@type\":\"EntryPoint\",\"urlTemplate\":\"https:\/\/radovnachalet.com\/?s={search_term_string}\"},\"query-input\":{\"@type\":\"PropertyValueSpecification\",\"valueRequired\":true,\"valueName\":\"search_term_string\"}}],\"inLanguage\":\"en-GB\"},{\"@type\":[\"Person\",\"Organization\"],\"@id\":\"https:\/\/radovnachalet.com\/#\/schema\/person\/6203514a01c980549b6dc159e0728ee0\",\"name\":\"radovna\",\"image\":{\"@type\":\"ImageObject\",\"inLanguage\":\"en-GB\",\"@id\":\"https:\/\/radovnachalet.com\/#\/schema\/person\/image\/\",\"url\":\"https:\/\/secure.gravatar.com\/avatar\/636f780545178e827891a344d9056b0ef697c235aabadc8fb6c6bb8a18b575c9?s=96&d=mm&r=g\",\"contentUrl\":\"https:\/\/secure.gravatar.com\/avatar\/636f780545178e827891a344d9056b0ef697c235aabadc8fb6c6bb8a18b575c9?s=96&d=mm&r=g\",\"caption\":\"radovna\"},\"logo\":{\"@id\":\"https:\/\/radovnachalet.com\/#\/schema\/person\/image\/\"},\"sameAs\":[\"https:\/\/radovnachalet.com\"]}]}<\/script>\n<!-- \/ Yoast SEO plugin. -->","yoast_head_json":{"title":"Macesnov Liker | Radovna Chalet, Kranjska Gora, Zgornja Radovna","description":"Macesnov liker je ustvarjen iz izbranih sestavin, ki mu dajejo poseben zna\u010daj in aromo in zato ga uvr\u0161\u010damo med najbolj edinstvene likerje.","robots":{"index":"index","follow":"follow","max-snippet":"max-snippet:-1","max-image-preview":"max-image-preview:large","max-video-preview":"max-video-preview:-1"},"canonical":"https:\/\/radovnachalet.com\/en\/macesnov-liker\/","og_locale":"en_GB","og_type":"article","og_title":"Macesnov Liker | Radovna Chalet, Kranjska Gora, Zgornja Radovna","og_description":"Macesnov liker je ustvarjen iz izbranih sestavin, ki mu dajejo poseben zna\u010daj in aromo in zato ga uvr\u0161\u010damo med najbolj edinstvene likerje.","og_url":"https:\/\/radovnachalet.com\/en\/macesnov-liker\/","article_modified_time":"2023-12-12T20:09:28+00:00","twitter_card":"summary_large_image","twitter_misc":{"Estimated reading time":"1 minute"},"schema":{"@context":"https:\/\/schema.org","@graph":[{"@type":"WebPage","@id":"https:\/\/radovnachalet.com\/en\/macesnov-liker\/","url":"https:\/\/radovnachalet.com\/en\/macesnov-liker\/","name":"Macesnov Liker | Radovna Chalet, Kranjska Gora, Zgornja Radovna","isPartOf":{"@id":"https:\/\/radovnachalet.com\/#website"},"datePublished":"2023-09-13T13:02:05+00:00","dateModified":"2023-12-12T20:09:28+00:00","description":"Macesnov liker je ustvarjen iz izbranih sestavin, ki mu dajejo poseben zna\u010daj in aromo in zato ga uvr\u0161\u010damo med najbolj edinstvene likerje.","breadcrumb":{"@id":"https:\/\/radovnachalet.com\/en\/macesnov-liker\/#breadcrumb"},"inLanguage":"en-GB","potentialAction":[{"@type":"ReadAction","target":["https:\/\/radovnachalet.com\/en\/macesnov-liker\/"]}]},{"@type":"BreadcrumbList","@id":"https:\/\/radovnachalet.com\/en\/macesnov-liker\/#breadcrumb","itemListElement":[{"@type":"ListItem","position":1,"name":"Home","item":"https:\/\/radovnachalet.com\/"},{"@type":"ListItem","position":2,"name":"Macesnov Liker"}]},{"@type":"WebSite","@id":"https:\/\/radovnachalet.com\/#website","url":"https:\/\/radovnachalet.com\/","name":"www.radovnachalet.com","description":"radovna chalet","publisher":{"@id":"https:\/\/radovnachalet.com\/#\/schema\/person\/6203514a01c980549b6dc159e0728ee0"},"alternateName":"RadovnaChalet","potentialAction":[{"@type":"SearchAction","target":{"@type":"EntryPoint","urlTemplate":"https:\/\/radovnachalet.com\/?s={search_term_string}"},"query-input":{"@type":"PropertyValueSpecification","valueRequired":true,"valueName":"search_term_string"}}],"inLanguage":"en-GB"},{"@type":["Person","Organization"],"@id":"https:\/\/radovnachalet.com\/#\/schema\/person\/6203514a01c980549b6dc159e0728ee0","name":"radovna","image":{"@type":"ImageObject","inLanguage":"en-GB","@id":"https:\/\/radovnachalet.com\/#\/schema\/person\/image\/","url":"https:\/\/secure.gravatar.com\/avatar\/636f780545178e827891a344d9056b0ef697c235aabadc8fb6c6bb8a18b575c9?s=96&d=mm&r=g","contentUrl":"https:\/\/secure.gravatar.com\/avatar\/636f780545178e827891a344d9056b0ef697c235aabadc8fb6c6bb8a18b575c9?s=96&d=mm&r=g","caption":"radovna"},"logo":{"@id":"https:\/\/radovnachalet.com\/#\/schema\/person\/image\/"},"sameAs":["https:\/\/radovnachalet.com"]}]}},"_links":{"self":[{"href":"https:\/\/radovnachalet.com\/en\/wp-json\/wp\/v2\/pages\/1504","targetHints":{"allow":["GET"]}}],"collection":[{"href":"https:\/\/radovnachalet.com\/en\/wp-json\/wp\/v2\/pages"}],"about":[{"href":"https:\/\/radovnachalet.com\/en\/wp-json\/wp\/v2\/types\/page"}],"author":[{"embeddable":true,"href":"https:\/\/radovnachalet.com\/en\/wp-json\/wp\/v2\/users\/1"}],"replies":[{"embeddable":true,"href":"https:\/\/radovnachalet.com\/en\/wp-json\/wp\/v2\/comments?post=1504"}],"version-history":[{"count":135,"href":"https:\/\/radovnachalet.com\/en\/wp-json\/wp\/v2\/pages\/1504\/revisions"}],"predecessor-version":[{"id":2005,"href":"https:\/\/radovnachalet.com\/en\/wp-json\/wp\/v2\/pages\/1504\/revisions\/2005"}],"wp:attachment":[{"href":"https:\/\/radovnachalet.com\/en\/wp-json\/wp\/v2\/media?parent=1504"}],"curies":[{"name":"wp","href":"https:\/\/api.w.org\/{rel}","templated":true}]}}